{"id":5510,"date":"2025-09-06T23:44:04","date_gmt":"2025-09-06T21:44:04","guid":{"rendered":"https:\/\/caas-mali.de\/?page_id=5510"},"modified":"2025-09-16T17:07:02","modified_gmt":"2025-09-16T15:07:02","slug":"team","status":"publish","type":"page","link":"https:\/\/caas-mali.de\/en\/an-agricultural-training-center-in-mali\/team\/","title":{"rendered":"Team"},"content":{"rendered":"\n<div style=\"height:12px\" aria-hidden=\"true\" class=\"wp-block-spacer\"><\/div>\n\n\n\n<div class=\"wp-block-columns is-layout-flex wp-container-core-columns-is-layout-8f761849 wp-block-columns-is-layout-flex\">\n<div class=\"wp-block-column is-layout-flow wp-block-column-is-layout-flow\"><div class=\"wp-block-image\">\n<figure class=\"alignright size-full is-resized\"><img loading=\"lazy\" decoding=\"async\" width=\"223\" height=\"223\" src=\"https:\/\/caas-mali.de\/wp-content\/uploads\/2023\/08\/Henner1.jpg\" alt=\"\" class=\"wp-image-1608\" style=\"width:186px;height:auto\" srcset=\"https:\/\/caas-mali.de\/wp-content\/uploads\/2023\/08\/Henner1.jpg 223w, https:\/\/caas-mali.de\/wp-content\/uploads\/2023\/08\/Henner1-150x150.jpg 150w\" sizes=\"auto, (max-width: 223px) 100vw, 223px\" \/><\/figure>\n<\/div><\/div>\n\n\n\n<div class=\"wp-block-column is-layout-flow wp-block-column-is-layout-flow\">\n<p class=\"wp-block-paragraph\"><strong>Dr. Henner Papendieck,&nbsp;<\/strong><br>Project Coordinator,<br>Development Economist. 1994 to 2011 Coordinator of the <a href=\"http:\/\/www.programm-mali-nord.de\/home.html\">Mali-Nord program (GIZ\/KfW)<\/a>; 1982 to 1988 State Representative of the DED in Ghana; previously, subsequently, and intermittently development policy expert and consultant for BMZ, GIZ, KfW, and others.<\/p>\n<\/div>\n\n\n\n<div class=\"wp-block-column is-layout-flow wp-block-column-is-layout-flow\"><div class=\"wp-block-image\">\n<figure class=\"alignright size-full is-resized\"><img loading=\"lazy\" decoding=\"async\" width=\"526\" height=\"514\" src=\"https:\/\/caas-mali.de\/wp-content\/uploads\/2023\/08\/SalahaBaby1.jpg\" alt=\"\" class=\"wp-image-1627\" style=\"width:194px;height:auto\" srcset=\"https:\/\/caas-mali.de\/wp-content\/uploads\/2023\/08\/SalahaBaby1.jpg 526w, https:\/\/caas-mali.de\/wp-content\/uploads\/2023\/08\/SalahaBaby1-300x293.jpg 300w\" sizes=\"auto, (max-width: 526px) 100vw, 526px\" \/><\/figure>\n<\/div><\/div>\n\n\n\n<div class=\"wp-block-column is-layout-flow wp-block-column-is-layout-flow\">\n<p class=\"wp-block-paragraph\"><strong>Salaha Baby<\/strong>, national coordinator. Agricultural engineer. 2000-2017 Employee of the Mali-Nord program, where he was head of the Dir\u00e9 branch for many years and later national coordinator (ad interim).<\/p>\n<\/div>\n<\/div>\n\n\n\n<div style=\"height:10px\" aria-hidden=\"true\" class=\"wp-block-spacer\"><\/div>\n\n\n\n<div class=\"wp-block-columns is-layout-flex wp-container-core-columns-is-layout-8f761849 wp-block-columns-is-layout-flex\">\n<div class=\"wp-block-column is-layout-flow wp-block-column-is-layout-flow\">\n<div class=\"wp-block-columns alignwide is-layout-flex wp-container-core-columns-is-layout-8f761849 wp-block-columns-is-layout-flex\">\n<div class=\"wp-block-column is-layout-flow wp-block-column-is-layout-flow\"><div class=\"wp-block-image\">\n<figure class=\"alignright size-full is-resized\"><img loading=\"lazy\" decoding=\"async\" width=\"500\" height=\"500\" src=\"https:\/\/caas-mali.de\/wp-content\/uploads\/2025\/03\/Barbara-1.jpg\" alt=\"\" class=\"wp-image-4566\" style=\"width:186px;height:auto\" srcset=\"https:\/\/caas-mali.de\/wp-content\/uploads\/2025\/03\/Barbara-1.jpg 500w, https:\/\/caas-mali.de\/wp-content\/uploads\/2025\/03\/Barbara-1-300x300.jpg 300w, https:\/\/caas-mali.de\/wp-content\/uploads\/2025\/03\/Barbara-1-150x150.jpg 150w\" sizes=\"auto, (max-width: 500px) 100vw, 500px\" \/><\/figure>\n<\/div><\/div>\n\n\n\n<div class=\"wp-block-column is-vertically-aligned-stretch is-layout-flow wp-block-column-is-layout-flow\">\n<p class=\"has-text-align-left wp-block-paragraph\"><strong>Dr. Barbara Rocksloh-Papendieck<\/strong>, has been advising CAAS since its founding. She is a sociologist and author of the book <a href=\"https:\/\/www.carl-auer.de\/das-andere-mali?srsltid=AfmBOoq81ixngQz3prMmv5gV9mm0WVsDUmVJzuVCqDRBdTeAtI8j48nD\">Das andere Mali<\/a> (The Other Mali).<\/p>\n<\/div>\n<\/div>\n<\/div>\n\n\n\n<div class=\"wp-block-column is-layout-flow wp-block-column-is-layout-flow\">\n<div class=\"wp-block-columns is-layout-flex wp-container-core-columns-is-layout-8f761849 wp-block-columns-is-layout-flex\">\n<div class=\"wp-block-column is-layout-flow wp-block-column-is-layout-flow\"><div class=\"wp-block-image\">\n<figure class=\"alignright size-full is-resized\"><img loading=\"lazy\" decoding=\"async\" width=\"526\" height=\"514\" src=\"https:\/\/caas-mali.de\/wp-content\/uploads\/2023\/08\/AlessaneBore1.jpg\" alt=\"\" class=\"wp-image-1628\" style=\"width:195px;height:auto\" srcset=\"https:\/\/caas-mali.de\/wp-content\/uploads\/2023\/08\/AlessaneBore1.jpg 526w, https:\/\/caas-mali.de\/wp-content\/uploads\/2023\/08\/AlessaneBore1-300x293.jpg 300w\" sizes=\"auto, (max-width: 526px) 100vw, 526px\" \/><\/figure>\n<\/div><\/div>\n\n\n\n<div class=\"wp-block-column is-layout-flow wp-block-column-is-layout-flow\">\n<p class=\"wp-block-paragraph\"><strong>Alassane Bor\u00e9<\/strong>, &nbsp;an agricultural engineer, has been responsible for agricultural training and production at CAAS since spring 2020 and has been head of the Agricultural Center (Kalassa 1) since 2023.<\/p>\n<\/div>\n<\/div>\n<\/div>\n<\/div>\n\n\n\n<div style=\"height:11px\" aria-hidden=\"true\" class=\"wp-block-spacer\"><\/div>\n\n\n\n<div class=\"wp-block-columns is-layout-flex wp-container-core-columns-is-layout-8f761849 wp-block-columns-is-layout-flex\">\n<div class=\"wp-block-column is-layout-flow wp-block-column-is-layout-flow\">\n<div class=\"wp-block-columns is-layout-flex wp-container-core-columns-is-layout-8f761849 wp-block-columns-is-layout-flex\">\n<div class=\"wp-block-column is-layout-flow wp-block-column-is-layout-flow\"><div class=\"wp-block-image\">\n<figure class=\"alignright size-full is-resized\"><img loading=\"lazy\" decoding=\"async\" width=\"429\" height=\"429\" src=\"https:\/\/caas-mali.de\/wp-content\/uploads\/2023\/12\/Antje2.jpg\" alt=\"\" class=\"wp-image-2119\" style=\"width:189px;height:auto\" srcset=\"https:\/\/caas-mali.de\/wp-content\/uploads\/2023\/12\/Antje2.jpg 429w, https:\/\/caas-mali.de\/wp-content\/uploads\/2023\/12\/Antje2-300x300.jpg 300w, https:\/\/caas-mali.de\/wp-content\/uploads\/2023\/12\/Antje2-150x150.jpg 150w\" sizes=\"auto, (max-width: 429px) 100vw, 429px\" \/><\/figure>\n<\/div><\/div>\n\n\n\n<div class=\"wp-block-column is-layout-flow wp-block-column-is-layout-flow\">\n<p class=\"wp-block-paragraph\"><strong>Dr. Antje Tschira&nbsp;<\/strong><br>Managing Partner of CAAS gGmbH. Independent systemic organizational consultant, coach, and organizational developer for educational, cultural, and scientific organizations, author, and lecturer in educational science and organizational design. Accompanying and supporting CAAS since 2017.<\/p>\n<\/div>\n<\/div>\n<\/div>\n\n\n\n<div class=\"wp-block-column is-layout-flow wp-block-column-is-layout-flow\">\n<div class=\"wp-block-columns is-layout-flex wp-container-core-columns-is-layout-8f761849 wp-block-columns-is-layout-flex\">\n<div class=\"wp-block-column is-layout-flow wp-block-column-is-layout-flow\"><div class=\"wp-block-image\">\n<figure class=\"alignright size-full is-resized\"><img loading=\"lazy\" decoding=\"async\" width=\"924\" height=\"924\" src=\"https:\/\/caas-mali.de\/wp-content\/uploads\/2025\/09\/AmadouArabaDoumbia1.jpg\" alt=\"\" class=\"wp-image-5487\" style=\"width:204px;height:auto\" srcset=\"https:\/\/caas-mali.de\/wp-content\/uploads\/2025\/09\/AmadouArabaDoumbia1.jpg 924w, https:\/\/caas-mali.de\/wp-content\/uploads\/2025\/09\/AmadouArabaDoumbia1-300x300.jpg 300w, https:\/\/caas-mali.de\/wp-content\/uploads\/2025\/09\/AmadouArabaDoumbia1-150x150.jpg 150w, https:\/\/caas-mali.de\/wp-content\/uploads\/2025\/09\/AmadouArabaDoumbia1-768x768.jpg 768w\" sizes=\"auto, (max-width: 924px) 100vw, 924px\" \/><\/figure>\n<\/div><\/div>\n\n\n\n<div class=\"wp-block-column is-layout-flow wp-block-column-is-layout-flow\">\n<p class=\"wp-block-paragraph\"><strong>Amadou Araba Doumbia<\/strong> is responsible for livestock farming at CAAS. He is an animal breeding and husbandry engineer and a veterinarian. He also runs his own veterinary practice in Kalassa, which includes a pharmacy and sells livestock concentrate.<\/p>\n<\/div>\n<\/div>\n<\/div>\n<\/div>\n\n\n\n<div style=\"height:10px\" aria-hidden=\"true\" class=\"wp-block-spacer\"><\/div>\n\n\n\n<div class=\"wp-block-columns is-layout-flex wp-container-core-columns-is-layout-8f761849 wp-block-columns-is-layout-flex\">\n<div class=\"wp-block-column is-layout-flow wp-block-column-is-layout-flow\">\n<div class=\"wp-block-columns is-layout-flex wp-container-core-columns-is-layout-8f761849 wp-block-columns-is-layout-flex\">\n<div class=\"wp-block-column is-layout-flow wp-block-column-is-layout-flow\"><div class=\"wp-block-image\">\n<figure class=\"alignright size-full is-resized\"><img loading=\"lazy\" decoding=\"async\" width=\"500\" height=\"500\" src=\"https:\/\/caas-mali.de\/wp-content\/uploads\/2025\/03\/Leonie.jpg\" alt=\"\" class=\"wp-image-4541\" style=\"width:190px;height:auto\" srcset=\"https:\/\/caas-mali.de\/wp-content\/uploads\/2025\/03\/Leonie.jpg 500w, https:\/\/caas-mali.de\/wp-content\/uploads\/2025\/03\/Leonie-300x300.jpg 300w, https:\/\/caas-mali.de\/wp-content\/uploads\/2025\/03\/Leonie-150x150.jpg 150w\" sizes=\"auto, (max-width: 500px) 100vw, 500px\" \/><\/figure>\n<\/div><\/div>\n\n\n\n<div class=\"wp-block-column is-layout-flow wp-block-column-is-layout-flow\">\n<p class=\"wp-block-paragraph\"><strong>Leonie Weber-Seldess<\/strong>, Communication. Partner at CAAS gGmbH, artist, project initiator, and coordinator. Involved in the association  <a href=\"http:\/\/haeuser-der-hoffnung.org\">H\u00e4user der Hoffnung \u2013 Schulbildung f\u00fcr Afrika e.V. <\/a>(Houses of Hope \u2013 School Education for Africa) from 2004 to 2018, working on public relations for CAAS since 2018.<\/p>\n<\/div>\n<\/div>\n<\/div>\n\n\n\n<div class=\"wp-block-column is-layout-flow wp-block-column-is-layout-flow\">\n<div class=\"wp-block-columns is-layout-flex wp-container-core-columns-is-layout-8f761849 wp-block-columns-is-layout-flex\">\n<div class=\"wp-block-column is-layout-flow wp-block-column-is-layout-flow\"><div class=\"wp-block-image\">\n<figure class=\"alignright size-full is-resized\"><img loading=\"lazy\" decoding=\"async\" width=\"526\" height=\"514\" src=\"https:\/\/caas-mali.de\/wp-content\/uploads\/2023\/08\/BouguriDiarra1.jpg\" alt=\"\" class=\"wp-image-1629\" style=\"width:190px;height:auto\" srcset=\"https:\/\/caas-mali.de\/wp-content\/uploads\/2023\/08\/BouguriDiarra1.jpg 526w, https:\/\/caas-mali.de\/wp-content\/uploads\/2023\/08\/BouguriDiarra1-300x293.jpg 300w\" sizes=\"auto, (max-width: 526px) 100vw, 526px\" \/><\/figure>\n<\/div><\/div>\n\n\n\n<div class=\"wp-block-column is-layout-flow wp-block-column-is-layout-flow\">\n<p class=\"wp-block-paragraph\"><strong>Bougouri Mamadou Diarra<\/strong>, teacher, is responsible for program planning and organizational work on campus.<\/p>\n<\/div>\n<\/div>\n<\/div>\n<\/div>\n\n\n\n<div style=\"height:10px\" aria-hidden=\"true\" class=\"wp-block-spacer\"><\/div>\n\n\n\n<div class=\"wp-block-columns is-layout-flex wp-container-core-columns-is-layout-8f761849 wp-block-columns-is-layout-flex\">\n<div class=\"wp-block-column is-layout-flow wp-block-column-is-layout-flow\">\n<div class=\"wp-block-columns is-layout-flex wp-container-core-columns-is-layout-8f761849 wp-block-columns-is-layout-flex\">\n<div class=\"wp-block-column is-layout-flow wp-block-column-is-layout-flow\"><div class=\"wp-block-image\">\n<figure class=\"alignright size-full is-resized\"><img loading=\"lazy\" decoding=\"async\" width=\"500\" height=\"500\" src=\"https:\/\/caas-mali.de\/wp-content\/uploads\/2025\/03\/Ute.jpg\" alt=\"\" class=\"wp-image-4538\" style=\"width:185px;height:auto\" srcset=\"https:\/\/caas-mali.de\/wp-content\/uploads\/2025\/03\/Ute.jpg 500w, https:\/\/caas-mali.de\/wp-content\/uploads\/2025\/03\/Ute-300x300.jpg 300w, https:\/\/caas-mali.de\/wp-content\/uploads\/2025\/03\/Ute-150x150.jpg 150w\" sizes=\"auto, (max-width: 500px) 100vw, 500px\" \/><\/figure>\n<\/div><\/div>\n\n\n\n<div class=\"wp-block-column is-layout-flow wp-block-column-is-layout-flow\">\n<p class=\"wp-block-paragraph\"><strong>Ute Clement<\/strong>, Strategy and networking. Member of the management board of CAAS gGmbH. International organizational consultant, former managing director of  <a href=\"https:\/\/www.uteclementconsulting.de\">Ute Clement Consulting GmbH<\/a>. Expertise in intercultural cooperation and change management, author of various books. <\/p>\n<\/div>\n<\/div>\n<\/div>\n\n\n\n<div class=\"wp-block-column is-layout-flow wp-block-column-is-layout-flow\">\n<div class=\"wp-block-columns is-layout-flex wp-container-core-columns-is-layout-8f761849 wp-block-columns-is-layout-flex\">\n<div class=\"wp-block-column is-layout-flow wp-block-column-is-layout-flow\"><div class=\"wp-block-image\">\n<figure class=\"alignright size-full is-resized\"><img loading=\"lazy\" decoding=\"async\" width=\"526\" height=\"514\" src=\"https:\/\/caas-mali.de\/wp-content\/uploads\/2023\/08\/FatoumataSamake.jpeg\" alt=\"\" class=\"wp-image-1600\" style=\"width:183px;height:auto\" srcset=\"https:\/\/caas-mali.de\/wp-content\/uploads\/2023\/08\/FatoumataSamake.jpeg 526w, https:\/\/caas-mali.de\/wp-content\/uploads\/2023\/08\/FatoumataSamake-300x293.jpeg 300w\" sizes=\"auto, (max-width: 526px) 100vw, 526px\" \/><\/figure>\n<\/div><\/div>\n\n\n\n<div class=\"wp-block-column is-layout-flow wp-block-column-is-layout-flow\">\n<p class=\"wp-block-paragraph\">As administrative secretary, <strong>Fatoumata Samak\u00e9 <\/strong>contributes her organizational and social expertise from the Jigiya Bon center of the association <a href=\"https:\/\/www.haeuser-der-hoffnung.org\/en\/\">H\u00e4user der Hoffnung (Houses of Hope)<\/a> in Daoudabougou, Bamako.<\/p>\n\n\n\n<p class=\"wp-block-paragraph\"><\/p>\n<\/div>\n<\/div>\n<\/div>\n<\/div>\n\n\n\n<div style=\"height:10px\" aria-hidden=\"true\" class=\"wp-block-spacer\"><\/div>\n\n\n\n<div class=\"wp-block-columns is-layout-flex wp-container-core-columns-is-layout-8f761849 wp-block-columns-is-layout-flex\">\n<div class=\"wp-block-column is-layout-flow wp-block-column-is-layout-flow\">\n<div class=\"wp-block-columns is-layout-flex wp-container-core-columns-is-layout-8f761849 wp-block-columns-is-layout-flex\">\n<div class=\"wp-block-column is-layout-flow wp-block-column-is-layout-flow\"><div class=\"wp-block-image\">\n<figure class=\"alignright size-full is-resized\"><img loading=\"lazy\" decoding=\"async\" width=\"1024\" height=\"955\" src=\"https:\/\/caas-mali.de\/wp-content\/uploads\/2023\/08\/FritzBSimon.jpeg\" alt=\"\" class=\"wp-image-1602\" style=\"width:191px;height:auto\" srcset=\"https:\/\/caas-mali.de\/wp-content\/uploads\/2023\/08\/FritzBSimon.jpeg 1024w, https:\/\/caas-mali.de\/wp-content\/uploads\/2023\/08\/FritzBSimon-300x280.jpeg 300w, https:\/\/caas-mali.de\/wp-content\/uploads\/2023\/08\/FritzBSimon-768x716.jpeg 768w\" sizes=\"auto, (max-width: 1024px) 100vw, 1024px\" \/><\/figure>\n<\/div><\/div>\n\n\n\n<div class=\"wp-block-column is-layout-flow wp-block-column-is-layout-flow\">\n<p class=\"wp-block-paragraph\"><a href=\"http:\/\/www.fritz-simon.de\/index.php\"><strong>Prof. Dr. Fritz B. Simon<\/strong><\/a>,&nbsp; Partner at CAAS gGmbH, professor of leadership and organization at Witten\/Herdecke University. Family therapist and systemic organizational consultant; author of over 25 books. Co-founder and managing director of Carl-Auer Verlag and Simon, Weber and Friends GmbH for systemic organizational consulting.<\/p>\n<\/div>\n<\/div>\n<\/div>\n\n\n\n<div class=\"wp-block-column is-layout-flow wp-block-column-is-layout-flow\">\n<div class=\"wp-block-columns is-layout-flex wp-container-core-columns-is-layout-8f761849 wp-block-columns-is-layout-flex\">\n<div class=\"wp-block-column is-layout-flow wp-block-column-is-layout-flow\"><div class=\"wp-block-image\">\n<figure class=\"alignright size-full is-resized\"><img loading=\"lazy\" decoding=\"async\" width=\"924\" height=\"924\" src=\"https:\/\/caas-mali.de\/wp-content\/uploads\/2025\/09\/SafiatouDiarra1.jpg\" alt=\"\" class=\"wp-image-5496\" style=\"width:203px;height:auto\" srcset=\"https:\/\/caas-mali.de\/wp-content\/uploads\/2025\/09\/SafiatouDiarra1.jpg 924w, https:\/\/caas-mali.de\/wp-content\/uploads\/2025\/09\/SafiatouDiarra1-300x300.jpg 300w, https:\/\/caas-mali.de\/wp-content\/uploads\/2025\/09\/SafiatouDiarra1-150x150.jpg 150w, https:\/\/caas-mali.de\/wp-content\/uploads\/2025\/09\/SafiatouDiarra1-768x768.jpg 768w\" sizes=\"auto, (max-width: 924px) 100vw, 924px\" \/><\/figure>\n<\/div><\/div>\n\n\n\n<div class=\"wp-block-column is-layout-flow wp-block-column-is-layout-flow\">\n<p class=\"wp-block-paragraph\"><strong>Safiatou Diarra<\/strong> is a food technology specialist. She teaches trainees and workshop groups about food processing.<\/p>\n<\/div>\n<\/div>\n<\/div>\n<\/div>\n\n\n\n<div class=\"wp-block-columns is-layout-flex wp-container-core-columns-is-layout-8f761849 wp-block-columns-is-layout-flex\">\n<div class=\"wp-block-column is-layout-flow wp-block-column-is-layout-flow\">\n<figure class=\"wp-block-image size-full\"><img loading=\"lazy\" decoding=\"async\" width=\"700\" height=\"600\" src=\"https:\/\/caas-mali.de\/wp-content\/uploads\/2025\/03\/HdH_Vorstand.jpg\" alt=\"\" class=\"wp-image-4554\" srcset=\"https:\/\/caas-mali.de\/wp-content\/uploads\/2025\/03\/HdH_Vorstand.jpg 700w, https:\/\/caas-mali.de\/wp-content\/uploads\/2025\/03\/HdH_Vorstand-300x257.jpg 300w\" sizes=\"auto, (max-width: 700px) 100vw, 700px\" \/><figcaption class=\"wp-element-caption\">V.l.n.r. Ulrike D\u00e4\u00dfler, Dr. Gudrun Eisermann, Dr. Hermann Goebel<\/figcaption><\/figure>\n<\/div>\n\n\n\n<div class=\"wp-block-column is-layout-flow wp-block-column-is-layout-flow\">\n<p class=\"wp-block-paragraph\">The non-profit association <strong><a href=\"http:\/\/www.haeuser-der-hoffnung.org\/\">H\u00e4user der Hoffnung \u2013 Schulbildung f\u00fcr Afrika e.V.<\/a><\/strong>&nbsp; (Houses of Hope \u2013 Education for Africa) is the fourth shareholder of CAAS gGmbH. H\u00e4user der Hoffnung e.V. (executive board: Dr. Gudrun Eisermann, Ulrike D\u00e4ssler, and Dr. Hermann G\u00f6bel) has been working since 2004 to provide school and vocational training for girls in Mali in order to improve the living conditions of women and their families. Since 2004, it has maintained the \u201cJigiya Bon\u201d center in Bamako, a residential home for 60 schoolgirls and trainees, in Bamako since 2004, runs a tailor&#8217;s workshop, grants small loans to women, has built primary schools in seven villages and also supports various charitable projects there.<\/p>\n<\/div>\n\n\n\n<div class=\"wp-block-column is-layout-flow wp-block-column-is-layout-flow\"><div class=\"wp-block-image\">\n<figure class=\"alignright size-full is-resized\"><img loading=\"lazy\" decoding=\"async\" width=\"924\" height=\"924\" src=\"https:\/\/caas-mali.de\/wp-content\/uploads\/2025\/09\/MohamedKeita1.jpg\" alt=\"\" class=\"wp-image-5499\" style=\"width:203px;height:auto\" srcset=\"https:\/\/caas-mali.de\/wp-content\/uploads\/2025\/09\/MohamedKeita1.jpg 924w, https:\/\/caas-mali.de\/wp-content\/uploads\/2025\/09\/MohamedKeita1-300x300.jpg 300w, https:\/\/caas-mali.de\/wp-content\/uploads\/2025\/09\/MohamedKeita1-150x150.jpg 150w, https:\/\/caas-mali.de\/wp-content\/uploads\/2025\/09\/MohamedKeita1-768x768.jpg 768w\" sizes=\"auto, (max-width: 924px) 100vw, 924px\" \/><\/figure>\n<\/div><\/div>\n\n\n\n<div class=\"wp-block-column is-layout-flow wp-block-column-is-layout-flow\">\n<div class=\"wp-block-columns is-layout-flex wp-container-core-columns-is-layout-8f761849 wp-block-columns-is-layout-flex\">\n<div class=\"wp-block-column is-layout-flow wp-block-column-is-layout-flow\">\n<p class=\"wp-block-paragraph\"><strong>Mohamed Keita<\/strong> is an electrical engineer and is responsible for the oil press at CAAS.<\/p>\n<\/div>\n<\/div>\n<\/div>\n<\/div>\n\n\n\n<div style=\"height:10px\" aria-hidden=\"true\" class=\"wp-block-spacer\"><\/div>\n\n\n\n<div class=\"wp-block-columns is-layout-flex wp-container-core-columns-is-layout-8f761849 wp-block-columns-is-layout-flex\">\n<div class=\"wp-block-column is-layout-flow wp-block-column-is-layout-flow\">\n<div class=\"wp-block-columns is-layout-flex wp-container-core-columns-is-layout-8f761849 wp-block-columns-is-layout-flex\">\n<div class=\"wp-block-column is-layout-flow wp-block-column-is-layout-flow\"><div class=\"wp-block-image\">\n<figure class=\"alignright size-full is-resized\"><img loading=\"lazy\" decoding=\"async\" width=\"924\" height=\"924\" src=\"https:\/\/caas-mali.de\/wp-content\/uploads\/2025\/09\/YanDiarra1.jpg\" alt=\"\" class=\"wp-image-5505\" style=\"width:210px;height:auto\" srcset=\"https:\/\/caas-mali.de\/wp-content\/uploads\/2025\/09\/YanDiarra1.jpg 924w, https:\/\/caas-mali.de\/wp-content\/uploads\/2025\/09\/YanDiarra1-300x300.jpg 300w, https:\/\/caas-mali.de\/wp-content\/uploads\/2025\/09\/YanDiarra1-150x150.jpg 150w, https:\/\/caas-mali.de\/wp-content\/uploads\/2025\/09\/YanDiarra1-768x768.jpg 768w\" sizes=\"auto, (max-width: 924px) 100vw, 924px\" \/><\/figure>\n<\/div><\/div>\n\n\n\n<div class=\"wp-block-column is-layout-flow wp-block-column-is-layout-flow\">\n<p class=\"wp-block-paragraph\"><strong>Yah Diarra <\/strong>runs the CAAS farm shop and is also a food processing instructor.<\/p>\n<\/div>\n<\/div>\n<\/div>\n\n\n\n<div class=\"wp-block-column is-layout-flow wp-block-column-is-layout-flow\">\n<div class=\"wp-block-columns is-layout-flex wp-container-core-columns-is-layout-8f761849 wp-block-columns-is-layout-flex\">\n<div class=\"wp-block-column is-layout-flow wp-block-column-is-layout-flow\"><div class=\"wp-block-image\">\n<figure class=\"alignright size-full is-resized\"><img loading=\"lazy\" decoding=\"async\" width=\"924\" height=\"924\" src=\"https:\/\/caas-mali.de\/wp-content\/uploads\/2025\/09\/MamadouSoumare1.jpg\" alt=\"\" class=\"wp-image-5502\" style=\"width:198px;height:auto\" srcset=\"https:\/\/caas-mali.de\/wp-content\/uploads\/2025\/09\/MamadouSoumare1.jpg 924w, https:\/\/caas-mali.de\/wp-content\/uploads\/2025\/09\/MamadouSoumare1-300x300.jpg 300w, https:\/\/caas-mali.de\/wp-content\/uploads\/2025\/09\/MamadouSoumare1-150x150.jpg 150w, https:\/\/caas-mali.de\/wp-content\/uploads\/2025\/09\/MamadouSoumare1-768x768.jpg 768w\" sizes=\"auto, (max-width: 924px) 100vw, 924px\" \/><\/figure>\n<\/div><\/div>\n\n\n\n<div class=\"wp-block-column is-layout-flow wp-block-column-is-layout-flow\">\n<p class=\"wp-block-paragraph\"><strong>Madou Soumar\u00e9<\/strong>, elementary school teacher by training, is responsible for the vehicle fleet at CAAS.<\/p>\n<\/div>\n<\/div>\n<\/div>\n<\/div>\n\n\n\n<div style=\"height:30px\" aria-hidden=\"true\" class=\"wp-block-spacer\"><\/div>\n\n\n\n<div class=\"wp-block-columns is-layout-flex wp-container-core-columns-is-layout-8f761849 wp-block-columns-is-layout-flex\">\n<div class=\"wp-block-column is-layout-flow wp-block-column-is-layout-flow\">\n<div class=\"wp-block-columns is-layout-flex wp-container-core-columns-is-layout-8f761849 wp-block-columns-is-layout-flex\">\n<div class=\"wp-block-column is-layout-flow wp-block-column-is-layout-flow\"><div class=\"wp-block-image\">\n<figure class=\"alignright size-full is-resized\"><img loading=\"lazy\" decoding=\"async\" width=\"536\" height=\"537\" src=\"https:\/\/caas-mali.de\/wp-content\/uploads\/2023\/08\/Gunthard1.jpg\" alt=\"\" class=\"wp-image-1616\" style=\"aspect-ratio:0.9981453380542911;width:213px;height:auto\" srcset=\"https:\/\/caas-mali.de\/wp-content\/uploads\/2023\/08\/Gunthard1.jpg 536w, https:\/\/caas-mali.de\/wp-content\/uploads\/2023\/08\/Gunthard1-300x300.jpg 300w, https:\/\/caas-mali.de\/wp-content\/uploads\/2023\/08\/Gunthard1-150x150.jpg 150w\" sizes=\"auto, (max-width: 536px) 100vw, 536px\" \/><\/figure>\n<\/div><\/div>\n\n\n\n<div class=\"wp-block-column is-layout-flow wp-block-column-is-layout-flow\">\n<pre class=\"wp-block-preformatted\"><strong><a href=\"http:\/\/www.gunthard-weber.de\/\">Dr. Gunthard Weber<\/a><\/strong>, <br>founder of CAAS gGmbH, systemic consultant; founder\/co-founder of numerous companies, institutes, and a publishing house. In 2004, after visiting Mali, he and others founded the association Houses of Hope \u2013 School Education for Africa and has been committed to the school and vocational education of girls and young women there ever since. Since the end of 2017, he has devoted himself to building up CAAS. In February 2025, he stepped down from the management board and now supports the project in an advisory capacity.<\/pre>\n<\/div>\n<\/div>\n<\/div>\n\n\n\n<div class=\"wp-block-column is-layout-flow wp-block-column-is-layout-flow\"><\/div>\n<\/div>\n\n\n\n<div class=\"wp-block-columns is-layout-flex wp-container-core-columns-is-layout-8f761849 wp-block-columns-is-layout-flex\">\n<div class=\"wp-block-column is-layout-flow wp-block-column-is-layout-flow\">\n<div class=\"wp-block-columns is-layout-flex wp-container-core-columns-is-layout-8f761849 wp-block-columns-is-layout-flex\">\n<div class=\"wp-block-column is-layout-flow wp-block-column-is-layout-flow\"><\/div>\n<\/div>\n<\/div>\n\n\n\n<div class=\"wp-block-column is-layout-flow wp-block-column-is-layout-flow\">\n<div class=\"wp-block-columns is-layout-flex wp-container-core-columns-is-layout-8f761849 wp-block-columns-is-layout-flex\">\n<div class=\"wp-block-column is-layout-flow wp-block-column-is-layout-flow\"><\/div>\n\n\n\n<div class=\"wp-block-column is-layout-flow wp-block-column-is-layout-flow\"><\/div>\n<\/div>\n<\/div>\n<\/div>\n\n\n\n<p class=\"wp-block-paragraph\"><\/p>\n","protected":false},"excerpt":{"rendered":"<p>Dr. Henner Papendieck,&nbsp;Project Coordinator,Development Economist. 1994 to 2011 Coordinator of the Mali-Nord program (GIZ\/KfW); 1982 to 1988 State Representative of the DED in Ghana; previously, &#8230; <\/p>\n<p class=\"read-more-container\"><a title=\"Team\" class=\"read-more button\" href=\"https:\/\/caas-mali.de\/en\/an-agricultural-training-center-in-mali\/team\/#more-5510\" aria-label=\"Read more about Team\">weiterlesen<\/a><\/p>\n","protected":false},"author":2,"featured_media":0,"parent":3980,"menu_order":0,"comment_status":"closed","ping_status":"closed","template":"","meta":{"_acf_changed":false,"_crdt_document":"","footnotes":""},"class_list":["post-5510","page","type-page","status-publish"],"acf":[],"_links":{"self":[{"href":"https:\/\/caas-mali.de\/en\/wp-json\/wp\/v2\/pages\/5510","targetHints":{"allow":["GET"]}}],"collection":[{"href":"https:\/\/caas-mali.de\/en\/wp-json\/wp\/v2\/pages"}],"about":[{"href":"https:\/\/caas-mali.de\/en\/wp-json\/wp\/v2\/types\/page"}],"author":[{"embeddable":true,"href":"https:\/\/caas-mali.de\/en\/wp-json\/wp\/v2\/users\/2"}],"replies":[{"embeddable":true,"href":"https:\/\/caas-mali.de\/en\/wp-json\/wp\/v2\/comments?post=5510"}],"version-history":[{"count":8,"href":"https:\/\/caas-mali.de\/en\/wp-json\/wp\/v2\/pages\/5510\/revisions"}],"predecessor-version":[{"id":5646,"href":"https:\/\/caas-mali.de\/en\/wp-json\/wp\/v2\/pages\/5510\/revisions\/5646"}],"up":[{"embeddable":true,"href":"https:\/\/caas-mali.de\/en\/wp-json\/wp\/v2\/pages\/3980"}],"wp:attachment":[{"href":"https:\/\/caas-mali.de\/en\/wp-json\/wp\/v2\/media?parent=5510"}],"curies":[{"name":"wp","href":"https:\/\/api.w.org\/{rel}","templated":true}]}}