{"id":3719,"date":"2023-06-02T17:54:37","date_gmt":"2023-06-02T15:54:37","guid":{"rendered":"https:\/\/caas-mali.de\/?page_id=3719"},"modified":"2025-01-30T21:11:02","modified_gmt":"2025-01-30T20:11:02","slug":"le-jardin-de-lecole-kalassa-2","status":"publish","type":"page","link":"https:\/\/caas-mali.de\/fr\/biens-immobiliers\/le-jardin-de-lecole-kalassa-2\/","title":{"rendered":"Le jardin de l&rsquo;\u00e9cole \u2013 Kalassa 2"},"content":{"rendered":"\r\n<p class=\"wp-block-paragraph\"><br \/>Non loin du campus, dans le village de Kalassa, se trouve le jardin-\u00e9cole d&rsquo;un hectare avec les plates-bandes des apprentis et des espaces exp\u00e9rimentaux, o\u00f9 se d\u00e9roule depuis deux ans d\u00e9j\u00e0 la formation pratique en horticulture. Le jardin sert \u00e9galement d&rsquo;exemple pour l&rsquo;exploitation de futurs <a href=\"https:\/\/caas-mali.de\/fr\/jardins\/\">jardins villageois<\/a>, dont la cr\u00e9ation et la r\u00e9alisation font \u00e9galement partie du programme du CAAS. Les l\u00e9gumes et les fruits r\u00e9colt\u00e9s ici couvrent d\u00e9j\u00e0 presque tous les besoins de la cantine du campus.<\/p>\r\n\r\n\r\n\r\n<div class=\"alignnormal\"><div id=\"metaslider-id-3882\" style=\"width: 100%;\" class=\"ml-slider-3-107-0 metaslider metaslider-responsive metaslider-3882 ml-slider has-dots-nav ms-theme-blend no-text\" role=\"region\" aria-label=\"Schulgarten_Kalassa2_fr\" data-height=\"720\" data-width=\"1024\">\n    <div id=\"metaslider_container_3882\">\n        <ul id='metaslider_3882' class='rslides'>\n            <li aria-roledescription='slide' aria-labelledby='slide-0'><img loading=\"lazy\" decoding=\"async\" width=\"1024\" height=\"720\" src=\"https:\/\/caas-mali.de\/wp-content\/uploads\/2023\/06\/Bild-1_SchulgartenWSA_CAAS_Sibi-0361_.jpg\" class=\"slider-3882 slide-3883 msDefaultImage\" alt=\"\" rel=\"\" title=\"Bild 1_SchulgartenWSA_CAAS_Sibi-0361_\" srcset=\"https:\/\/caas-mali.de\/wp-content\/uploads\/2023\/06\/Bild-1_SchulgartenWSA_CAAS_Sibi-0361_.jpg 1024w, https:\/\/caas-mali.de\/wp-content\/uploads\/2023\/06\/Bild-1_SchulgartenWSA_CAAS_Sibi-0361_-300x211.jpg 300w, https:\/\/caas-mali.de\/wp-content\/uploads\/2023\/06\/Bild-1_SchulgartenWSA_CAAS_Sibi-0361_-768x540.jpg 768w\" sizes=\"auto, (max-width: 1024px) 100vw, 1024px\" \/><div class=\"caption-wrap\"><div class=\"caption\"><div>Vue a\u00e9rienne de Kalassa 2<\/div><\/div><\/div><\/li>\n            <li style='display: none;' aria-roledescription='slide' aria-labelledby='slide-1'><img loading=\"lazy\" decoding=\"async\" width=\"1024\" height=\"720\" src=\"https:\/\/caas-mali.de\/wp-content\/uploads\/2023\/09\/Schulgarten_matthiaskestel.jpg\" class=\"slider-3882 slide-3884 msDefaultImage\" alt=\"\" rel=\"\" title=\"Schulgarten_matthiaskestel\" srcset=\"https:\/\/caas-mali.de\/wp-content\/uploads\/2023\/09\/Schulgarten_matthiaskestel.jpg 1024w, https:\/\/caas-mali.de\/wp-content\/uploads\/2023\/09\/Schulgarten_matthiaskestel-300x211.jpg 300w, https:\/\/caas-mali.de\/wp-content\/uploads\/2023\/09\/Schulgarten_matthiaskestel-768x540.jpg 768w\" sizes=\"auto, (max-width: 1024px) 100vw, 1024px\" \/><div class=\"caption-wrap\"><div class=\"caption\"><div>Vue sur le jardin de l'\u00e9cole<\/div><\/div><\/div><\/li>\n            <li style='display: none;' aria-roledescription='slide' aria-labelledby='slide-2'><img loading=\"lazy\" decoding=\"async\" width=\"1024\" height=\"720\" src=\"https:\/\/caas-mali.de\/wp-content\/uploads\/2023\/06\/Bild-3_WSA_CAAS_Sibi-0488_info@matthiaskestel.de_.jpg\" class=\"slider-3882 slide-3885 msDefaultImage\" alt=\"\" rel=\"\" title=\"Bild 3_WSA_CAAS_Sibi-0488_info@matthiaskestel.de\" srcset=\"https:\/\/caas-mali.de\/wp-content\/uploads\/2023\/06\/Bild-3_WSA_CAAS_Sibi-0488_info@matthiaskestel.de_.jpg 1024w, https:\/\/caas-mali.de\/wp-content\/uploads\/2023\/06\/Bild-3_WSA_CAAS_Sibi-0488_info@matthiaskestel.de_-300x211.jpg 300w, https:\/\/caas-mali.de\/wp-content\/uploads\/2023\/06\/Bild-3_WSA_CAAS_Sibi-0488_info@matthiaskestel.de_-768x540.jpg 768w\" sizes=\"auto, (max-width: 1024px) 100vw, 1024px\" \/><div class=\"caption-wrap\"><div class=\"caption\"><div>Le ch\u00e2teau d'eau<\/div><\/div><\/div><\/li>\n            <li style='display: none;' aria-roledescription='slide' aria-labelledby='slide-3'><img loading=\"lazy\" decoding=\"async\" width=\"1024\" height=\"720\" src=\"https:\/\/caas-mali.de\/wp-content\/uploads\/2023\/09\/Schulgarten2_MatthiasKestel.jpg\" class=\"slider-3882 slide-3886 msDefaultImage\" alt=\"\" rel=\"\" title=\"Schulgarten2_MatthiasKestel\" srcset=\"https:\/\/caas-mali.de\/wp-content\/uploads\/2023\/09\/Schulgarten2_MatthiasKestel.jpg 1024w, https:\/\/caas-mali.de\/wp-content\/uploads\/2023\/09\/Schulgarten2_MatthiasKestel-300x211.jpg 300w, https:\/\/caas-mali.de\/wp-content\/uploads\/2023\/09\/Schulgarten2_MatthiasKestel-768x540.jpg 768w\" sizes=\"auto, (max-width: 1024px) 100vw, 1024px\" \/><div class=\"caption-wrap\"><div class=\"caption\"><div>Le jardin de l'\u00e9cole avec le mont Kamadjan Kulu en arri\u00e8re-plan<\/div><\/div><\/div><\/li>\n            <li style='display: none;' aria-roledescription='slide' aria-labelledby='slide-4'><img loading=\"lazy\" decoding=\"async\" width=\"1024\" height=\"720\" src=\"https:\/\/caas-mali.de\/wp-content\/uploads\/2023\/06\/Bild-4_WSA_CAAS_Sibi-9731_Copyright-Matthias-Kestel.jpg\" class=\"slider-3882 slide-3887 msDefaultImage\" alt=\"\" rel=\"\" title=\"Bild 4_WSA_CAAS_Sibi-9731_Copyright- Matthias Kestel\" srcset=\"https:\/\/caas-mali.de\/wp-content\/uploads\/2023\/06\/Bild-4_WSA_CAAS_Sibi-9731_Copyright-Matthias-Kestel.jpg 1024w, https:\/\/caas-mali.de\/wp-content\/uploads\/2023\/06\/Bild-4_WSA_CAAS_Sibi-9731_Copyright-Matthias-Kestel-300x211.jpg 300w, https:\/\/caas-mali.de\/wp-content\/uploads\/2023\/06\/Bild-4_WSA_CAAS_Sibi-9731_Copyright-Matthias-Kestel-768x540.jpg 768w\" sizes=\"auto, (max-width: 1024px) 100vw, 1024px\" \/><div class=\"caption-wrap\"><div class=\"caption\"><div>Apprentis au travail<\/div><\/div><\/div><\/li>\n            <li style='display: none;' aria-roledescription='slide' aria-labelledby='slide-5'><img loading=\"lazy\" decoding=\"async\" width=\"1024\" height=\"720\" src=\"https:\/\/caas-mali.de\/wp-content\/uploads\/2023\/10\/Papaya3.jpg\" class=\"slider-3882 slide-3888 msDefaultImage\" alt=\"\" rel=\"\" title=\"Papaya3\" srcset=\"https:\/\/caas-mali.de\/wp-content\/uploads\/2023\/10\/Papaya3.jpg 1024w, https:\/\/caas-mali.de\/wp-content\/uploads\/2023\/10\/Papaya3-300x211.jpg 300w, https:\/\/caas-mali.de\/wp-content\/uploads\/2023\/10\/Papaya3-768x540.jpg 768w\" sizes=\"auto, (max-width: 1024px) 100vw, 1024px\" \/><div class=\"caption-wrap\"><div class=\"caption\"><div>Des papayers dans le jardin de l'\u00e9cole<\/div><\/div><\/div><\/li>\n            <li style='display: none;' aria-roledescription='slide' aria-labelledby='slide-6'><img loading=\"lazy\" decoding=\"async\" width=\"1024\" height=\"720\" src=\"https:\/\/caas-mali.de\/wp-content\/uploads\/2023\/10\/Schulgarten_Maniok.jpg\" class=\"slider-3882 slide-3889 msDefaultImage\" alt=\"\" rel=\"\" title=\"Schulgarten_Maniok\" srcset=\"https:\/\/caas-mali.de\/wp-content\/uploads\/2023\/10\/Schulgarten_Maniok.jpg 1024w, https:\/\/caas-mali.de\/wp-content\/uploads\/2023\/10\/Schulgarten_Maniok-300x211.jpg 300w, https:\/\/caas-mali.de\/wp-content\/uploads\/2023\/10\/Schulgarten_Maniok-768x540.jpg 768w\" sizes=\"auto, (max-width: 1024px) 100vw, 1024px\" \/><div class=\"caption-wrap\"><div class=\"caption\"><div>Culture du manioc<\/div><\/div><\/div><\/li>\n            <li style='display: none;' aria-roledescription='slide' aria-labelledby='slide-7'><img loading=\"lazy\" decoding=\"async\" width=\"1024\" height=\"720\" src=\"https:\/\/caas-mali.de\/wp-content\/uploads\/2023\/10\/Schulgarten_Orangenbaum.jpg\" class=\"slider-3882 slide-3890 msDefaultImage\" alt=\"\" rel=\"\" title=\"Schulgarten_Orangenbaum\" srcset=\"https:\/\/caas-mali.de\/wp-content\/uploads\/2023\/10\/Schulgarten_Orangenbaum.jpg 1024w, https:\/\/caas-mali.de\/wp-content\/uploads\/2023\/10\/Schulgarten_Orangenbaum-300x211.jpg 300w, https:\/\/caas-mali.de\/wp-content\/uploads\/2023\/10\/Schulgarten_Orangenbaum-768x540.jpg 768w\" sizes=\"auto, (max-width: 1024px) 100vw, 1024px\" \/><div class=\"caption-wrap\"><div class=\"caption\"><div>Oranger de troisi\u00e8me ann\u00e9e<\/div><\/div><\/div><\/li>\n        <\/ul>\n        \n    <\/div>\n<\/div><\/div>\r\n\r\n\r\n\r\n<div class=\"wp-block-spacer\" style=\"height: 12px;\" aria-hidden=\"true\">\u00a0<\/div>\r\n\r\n\r\n\r\n<h2 class=\"wp-block-heading\">Weitere Liegenschaften des CAAS:<\/h2>\r\n\r\n\r\n\r\n<p class=\"has-medium-font-size wp-block-paragraph\"><a href=\"https:\/\/caas-mali.de\/fr\/le-campus\/\"><em>&gt; Der Campus<\/em><\/a><\/p>\r\n\r\n\r\n\r\n<p class=\"has-medium-font-size wp-block-paragraph\"><a href=\"https:\/\/caas-mali.de\/schulungsorte\/annex\/\"><em>&gt;<\/em><\/a><em><a href=\"https:\/\/caas-mali.de\/liegenschaften\/annex\/\"> Annex<\/a><\/em><\/p>\r\n\r\n\r\n\r\n<p class=\"has-medium-font-size wp-block-paragraph\"><em><a href=\"https:\/\/caas-mali.de\/liegenschaften\/kalassa-1\/\">&gt; <\/a><a href=\"https:\/\/caas-mali.de\/fr\/?page_id=3714\">Complexe Agricole \u2013 Kalassa 1<\/a><\/em><\/p>\r\n","protected":false},"excerpt":{"rendered":"<p>Non loin du campus, dans le village de Kalassa, se trouve le jardin-\u00e9cole d&rsquo;un hectare avec les plates-bandes des apprentis et des espaces exp\u00e9rimentaux, o\u00f9 &#8230; <\/p>\n<p class=\"read-more-container\"><a title=\"Le jardin de l&rsquo;\u00e9cole \u2013 Kalassa 2\" class=\"read-more button\" href=\"https:\/\/caas-mali.de\/fr\/biens-immobiliers\/le-jardin-de-lecole-kalassa-2\/#more-3719\" aria-label=\"En savoir plus sur Le jardin de l&rsquo;\u00e9cole \u2013 Kalassa 2\">weiterlesen<\/a><\/p>\n","protected":false},"author":2,"featured_media":0,"parent":3735,"menu_order":0,"comment_status":"closed","ping_status":"closed","template":"","meta":{"_acf_changed":false,"_crdt_document":"","footnotes":""},"class_list":["post-3719","page","type-page","status-publish"],"acf":[],"_links":{"self":[{"href":"https:\/\/caas-mali.de\/fr\/wp-json\/wp\/v2\/pages\/3719","targetHints":{"allow":["GET"]}}],"collection":[{"href":"https:\/\/caas-mali.de\/fr\/wp-json\/wp\/v2\/pages"}],"about":[{"href":"https:\/\/caas-mali.de\/fr\/wp-json\/wp\/v2\/types\/page"}],"author":[{"embeddable":true,"href":"https:\/\/caas-mali.de\/fr\/wp-json\/wp\/v2\/users\/2"}],"replies":[{"embeddable":true,"href":"https:\/\/caas-mali.de\/fr\/wp-json\/wp\/v2\/comments?post=3719"}],"version-history":[{"count":3,"href":"https:\/\/caas-mali.de\/fr\/wp-json\/wp\/v2\/pages\/3719\/revisions"}],"predecessor-version":[{"id":3970,"href":"https:\/\/caas-mali.de\/fr\/wp-json\/wp\/v2\/pages\/3719\/revisions\/3970"}],"up":[{"embeddable":true,"href":"https:\/\/caas-mali.de\/fr\/wp-json\/wp\/v2\/pages\/3735"}],"wp:attachment":[{"href":"https:\/\/caas-mali.de\/fr\/wp-json\/wp\/v2\/media?parent=3719"}],"curies":[{"name":"wp","href":"https:\/\/api.w.org\/{rel}","templated":true}]}}