{"id":3792,"date":"2018-01-29T18:24:43","date_gmt":"2018-01-29T17:24:43","guid":{"rendered":"https:\/\/caas-mali.de\/?page_id=3792"},"modified":"2025-10-29T02:53:01","modified_gmt":"2025-10-29T01:53:01","slug":"formation","status":"publish","type":"page","link":"https:\/\/caas-mali.de\/fr\/formation\/","title":{"rendered":"Formation"},"content":{"rendered":"\r\n<h1 class=\"wp-block-heading has-medium-font-size\"><strong>Cours de base en agriculture et horticulture<\/strong><\/h1>\r\n\r\n\r\n\r\n<div class=\"alignnormal\"><div id=\"metaslider-id-3891\" style=\"width: 100%;\" class=\"ml-slider-3-107-0 metaslider metaslider-responsive metaslider-3891 ml-slider has-dots-nav ms-theme-blend no-text\" role=\"region\" aria-label=\"Ausbildung_Grundkurs_fr\" data-height=\"720\" data-width=\"1024\">\n    <div id=\"metaslider_container_3891\">\n        <ul id='metaslider_3891' class='rslides'>\n            <li aria-roledescription='slide' aria-labelledby='slide-0'><img loading=\"lazy\" decoding=\"async\" width=\"1024\" height=\"720\" src=\"https:\/\/caas-mali.de\/wp-content\/uploads\/2023\/09\/1Azubis_Arbeit2.jpg\" class=\"slider-3891 slide-3892 msDefaultImage\" alt=\"\" rel=\"\" title=\"1Azubis_Arbeit2\" srcset=\"https:\/\/caas-mali.de\/wp-content\/uploads\/2023\/09\/1Azubis_Arbeit2.jpg 1024w, https:\/\/caas-mali.de\/wp-content\/uploads\/2023\/09\/1Azubis_Arbeit2-300x211.jpg 300w, https:\/\/caas-mali.de\/wp-content\/uploads\/2023\/09\/1Azubis_Arbeit2-768x540.jpg 768w\" sizes=\"auto, (max-width: 1024px) 100vw, 1024px\" \/><div class=\"caption-wrap\"><div class=\"caption\"><div>Des apprentis dans le jardin de l'\u00e9cole<\/div><\/div><\/div><\/li>\n            <li style='display: none;' aria-roledescription='slide' aria-labelledby='slide-1'><img loading=\"lazy\" decoding=\"async\" width=\"1024\" height=\"720\" src=\"https:\/\/caas-mali.de\/wp-content\/uploads\/2023\/09\/Schulgarten_Beete_anlegen.jpg\" class=\"slider-3891 slide-3893 msDefaultImage\" alt=\"\" rel=\"\" title=\"Schulgarten_Beete_anlegen\" srcset=\"https:\/\/caas-mali.de\/wp-content\/uploads\/2023\/09\/Schulgarten_Beete_anlegen.jpg 1024w, https:\/\/caas-mali.de\/wp-content\/uploads\/2023\/09\/Schulgarten_Beete_anlegen-300x211.jpg 300w, https:\/\/caas-mali.de\/wp-content\/uploads\/2023\/09\/Schulgarten_Beete_anlegen-768x540.jpg 768w\" sizes=\"auto, (max-width: 1024px) 100vw, 1024px\" \/><div class=\"caption-wrap\"><div class=\"caption\"><div>Entretien des parterres<\/div><\/div><\/div><\/li>\n            <li style='display: none;' aria-roledescription='slide' aria-labelledby='slide-2'><img loading=\"lazy\" decoding=\"async\" width=\"1024\" height=\"720\" src=\"https:\/\/caas-mali.de\/wp-content\/uploads\/2023\/09\/3Schulgarten_Giessen.jpg\" class=\"slider-3891 slide-3894 msDefaultImage\" alt=\"\" rel=\"\" title=\"3Schulgarten_Giessen\" srcset=\"https:\/\/caas-mali.de\/wp-content\/uploads\/2023\/09\/3Schulgarten_Giessen.jpg 1024w, https:\/\/caas-mali.de\/wp-content\/uploads\/2023\/09\/3Schulgarten_Giessen-300x211.jpg 300w, https:\/\/caas-mali.de\/wp-content\/uploads\/2023\/09\/3Schulgarten_Giessen-768x540.jpg 768w\" sizes=\"auto, (max-width: 1024px) 100vw, 1024px\" \/><div class=\"caption-wrap\"><div class=\"caption\"><div>Arrosage des jeunes arbres<\/div><\/div><\/div><\/li>\n            <li style='display: none;' aria-roledescription='slide' aria-labelledby='slide-3'><img loading=\"lazy\" decoding=\"async\" width=\"1024\" height=\"720\" src=\"https:\/\/caas-mali.de\/wp-content\/uploads\/2023\/09\/Schulgarten_kl-1.jpg\" class=\"slider-3891 slide-3896 msDefaultImage\" alt=\"\" rel=\"\" title=\"Schulgarten_kl\" srcset=\"https:\/\/caas-mali.de\/wp-content\/uploads\/2023\/09\/Schulgarten_kl-1.jpg 1024w, https:\/\/caas-mali.de\/wp-content\/uploads\/2023\/09\/Schulgarten_kl-1-300x211.jpg 300w, https:\/\/caas-mali.de\/wp-content\/uploads\/2023\/09\/Schulgarten_kl-1-768x540.jpg 768w\" sizes=\"auto, (max-width: 1024px) 100vw, 1024px\" \/><div class=\"caption-wrap\"><div class=\"caption\"><div>Vue sur le jardin de l'\u00e9cole<\/div><\/div><\/div><\/li>\n            <li style='display: none;' aria-roledescription='slide' aria-labelledby='slide-4'><img loading=\"lazy\" decoding=\"async\" width=\"1024\" height=\"720\" src=\"https:\/\/caas-mali.de\/wp-content\/uploads\/2023\/09\/5Paprikatrocknung_kl.jpg\" class=\"slider-3891 slide-3898 msDefaultImage\" alt=\"\" rel=\"\" title=\"5Paprikatrocknung_kl\" srcset=\"https:\/\/caas-mali.de\/wp-content\/uploads\/2023\/09\/5Paprikatrocknung_kl.jpg 1024w, https:\/\/caas-mali.de\/wp-content\/uploads\/2023\/09\/5Paprikatrocknung_kl-300x211.jpg 300w, https:\/\/caas-mali.de\/wp-content\/uploads\/2023\/09\/5Paprikatrocknung_kl-768x540.jpg 768w\" sizes=\"auto, (max-width: 1024px) 100vw, 1024px\" \/><div class=\"caption-wrap\"><div class=\"caption\"><div>S\u00e9chage des poivrons r\u00e9colt\u00e9s<\/div><\/div><\/div><\/li>\n            <li style='display: none;' aria-roledescription='slide' aria-labelledby='slide-5'><img loading=\"lazy\" decoding=\"async\" width=\"1024\" height=\"720\" src=\"https:\/\/caas-mali.de\/wp-content\/uploads\/2023\/09\/Ausbildungsgruppe_matthiaskestel.de_-1.jpg\" class=\"slider-3891 slide-3900 msDefaultImage\" alt=\"\" rel=\"\" title=\"Ausbildungsgruppe_matthiaskestel.de\" srcset=\"https:\/\/caas-mali.de\/wp-content\/uploads\/2023\/09\/Ausbildungsgruppe_matthiaskestel.de_-1.jpg 1024w, https:\/\/caas-mali.de\/wp-content\/uploads\/2023\/09\/Ausbildungsgruppe_matthiaskestel.de_-1-300x211.jpg 300w, https:\/\/caas-mali.de\/wp-content\/uploads\/2023\/09\/Ausbildungsgruppe_matthiaskestel.de_-1-768x540.jpg 768w\" sizes=\"auto, (max-width: 1024px) 100vw, 1024px\" \/><div class=\"caption-wrap\"><div class=\"caption\"><div>Groupe de formation<\/div><\/div><\/div><\/li>\n        <\/ul>\n        \n    <\/div>\n<\/div><\/div>\r\n\r\n\r\n\r\n<div class=\"wp-block-spacer\" style=\"height: 12px;\" aria-hidden=\"true\">\u00a0<\/div>\r\n\r\n\r\n\r\n<p class=\"wp-block-paragraph\">Le cours de base a \u00e9t\u00e9 d\u00e9velopp\u00e9 en \u00e9change avec des coop\u00e9ratives de femmes des environs et est adapt\u00e9 \u00e0 leurs besoins et aux conditions locales. 60 \u00e0 80 participantes vivent chacune six mois sur le campus du CAAS et sont form\u00e9es \u00e0 la th\u00e9orie et \u00e0 la pratique de l&rsquo;agriculture et de l&rsquo;horticulture \u00e0 petite \u00e9chelle. La formation se concentre sur l&rsquo;agriculture, l&rsquo;horticulture, l&rsquo;\u00e9levage de petit b\u00e9tail et la transformation des produits agricoles. Les apprenties apprennent \u00e9galement les proc\u00e9d\u00e9s de transformation et de conservation des aliments. Le commerce des produits agricoles et l&rsquo;utilisation des moyens de communication modernes pour la commercialisation compl\u00e8tent le programme d&rsquo;enseignement.<\/p>\r\n\r\n\r\n\r\n<p class=\"wp-block-paragraph\">Des contacts intensifs avec des instituts de recherche nationaux et internationaux garantissent l&rsquo;actualit\u00e9 et l&rsquo;ad\u00e9quation des m\u00e9thodes de culture enseign\u00e9es et des plantes cultiv\u00e9es. Le CAAS b\u00e9n\u00e9ficie notamment des conseils de <a href=\"https:\/\/www.ipr-ifra.edu.ml\/\">L\u2019Institut Polytechnique Rural de Formation et de Recherche Appliqu\u00e9e de Katibougou<\/a>\u00a0 (o\u00f9 la direction malienne du projet et les enseignants du CAAS ont \u00e9t\u00e9 form\u00e9s), de<a href=\"http:\/\/www.ier.ml\/\"> l&rsquo;Institut national de l&rsquo;\u00c9conomie rurale (IER)<\/a> et de<a href=\"https:\/\/www.icrisat.org\/\"> l&rsquo;International Crops Research Institute for the Semi-Arid-Tropics (ICRISAT)<\/a>.<\/p>\r\n\r\n\r\n\r\n<div class=\"wp-block-spacer\" style=\"height: 20px;\" aria-hidden=\"true\">\u00a0<\/div>\r\n\r\n\r\n\r\n<div class=\"wp-block-columns is-layout-flex wp-container-core-columns-is-layout-8f761849 wp-block-columns-is-layout-flex\">\r\n<div class=\"wp-block-column is-layout-flow wp-block-column-is-layout-flow\"><div class=\"wp-block-image\">\r\n<figure class=\"alignleft size-full\"><img loading=\"lazy\" decoding=\"async\" width=\"1024\" height=\"720\" class=\"wp-image-3056\" src=\"https:\/\/caas-mali.de\/wp-content\/uploads\/2023\/06\/saal-bild_7__wsa_caas_sibi-0877_info_matthiaskestel.de6_.jpg\" alt=\"\" srcset=\"https:\/\/caas-mali.de\/wp-content\/uploads\/2023\/06\/saal-bild_7__wsa_caas_sibi-0877_info_matthiaskestel.de6_.jpg 1024w, https:\/\/caas-mali.de\/wp-content\/uploads\/2023\/06\/saal-bild_7__wsa_caas_sibi-0877_info_matthiaskestel.de6_-300x211.jpg 300w, https:\/\/caas-mali.de\/wp-content\/uploads\/2023\/06\/saal-bild_7__wsa_caas_sibi-0877_info_matthiaskestel.de6_-768x540.jpg 768w\" sizes=\"auto, (max-width: 1024px) 100vw, 1024px\" \/><\/figure>\r\n<\/div><\/div>\r\n\r\n\r\n\r\n<div class=\"wp-block-column is-layout-flow wp-block-column-is-layout-flow\">\r\n<p class=\"wp-block-paragraph\">&nbsp;<\/p>\r\n\r\n\r\n\r\n<p class=\"has-medium-font-size wp-block-paragraph\"><strong>Cours pr\u00e9paratoire<\/strong><\/p>\r\n\r\n\r\n\r\n<p class=\"wp-block-paragraph\">De nombreuses \u00e9l\u00e8ves de la r\u00e9gion quittent l&rsquo;\u00e9cole avant d&rsquo;avoir atteint la neuvi\u00e8me ann\u00e9e primaire, qui est en principe obligatoire. C&rsquo;est pourquoi les femmes qui postulent pour une place d&rsquo;apprentissage n&rsquo;ont souvent pas les connaissances en fran\u00e7ais et les comp\u00e9tences n\u00e9cessaires pour suivre avec succ\u00e8s les cours d&rsquo;agriculture et d&rsquo;horticulture.<\/p>\r\n\r\n\r\n\r\n<p class=\"wp-block-paragraph\">Le CAAS propose donc des cours de pr\u00e9paration \u00e0 l&rsquo;enseignement du fran\u00e7ais. Les apprenties re\u00e7oivent \u00e9galement des cours de rattrapage en arithm\u00e9tique de base et apprennent les rudiments de la g\u00e9ographie et de l&rsquo;histoire du Mali.\u00a0<\/p>\r\n<\/div>\r\n<\/div>\r\n\r\n\r\n\r\n<div class=\"wp-block-spacer\" style=\"height: 20px;\" aria-hidden=\"true\">\u00a0<\/div>\r\n\r\n\r\n\r\n<h1 class=\"wp-block-heading has-medium-font-size\"><strong>Cours de formation continue<\/strong><\/h1>\r\n\r\n\r\n\r\n<p class=\"wp-block-paragraph\">En compl\u00e9ment du cours de base, le CAAS propose des cours de formation agricole. Ceux-ci se d\u00e9roulent sur trois ou quatre jours et sont consacr\u00e9s \u00e0 des th\u00e8mes sp\u00e9cifiques tels que les techniques de propagation des plantes, le compostage, les m\u00e9thodes d&rsquo;am\u00e9lioration des sols et la culture et la transformation du manioc.<\/p>\r\n\r\n\r\n\r\n<p class=\"wp-block-paragraph\">Ces cours s&rsquo;adressent en particulier aux femmes qui sont d\u00e9j\u00e0 actives dans l&rsquo;agriculture et l&rsquo;horticulture au sein de coop\u00e9ratives ou de mani\u00e8re ind\u00e9pendante. Elles constituent un groupe cible important du CAAS, car c&rsquo;est par leur interm\u00e9diaire que les nouveaux modes de pens\u00e9e et m\u00e9thodes de culture ou de transformation trouvent la diffusion sociale souhait\u00e9e.<\/p>\r\n\r\n\r\n\r\n<p class=\"wp-block-paragraph\">Il est pr\u00e9vu de former jusqu&rsquo;\u00e0 quatre cents femmes par an dans le cadre de ces cours.<\/p>\r\n\r\n\r\n\r\n<div class=\"alignnormal\"><div id=\"metaslider-id-3901\" style=\"width: 100%;\" class=\"ml-slider-3-107-0 metaslider metaslider-responsive metaslider-3901 ml-slider has-dots-nav ms-theme-blend no-text no-text\" role=\"region\" aria-label=\"Ausbildung_Fortbildungskurs_fr\" data-height=\"720\" data-width=\"1024\">\n    <div id=\"metaslider_container_3901\">\n        <ul id='metaslider_3901' class='rslides'>\n            <li aria-roledescription='slide' aria-labelledby='slide-0'><img loading=\"lazy\" decoding=\"async\" width=\"1024\" height=\"720\" src=\"https:\/\/caas-mali.de\/wp-content\/uploads\/2023\/09\/Maniok_Kurs.jpg\" class=\"slider-3901 slide-3902 msDefaultImage\" alt=\"\" rel=\"\" title=\"Maniok_Kurs\" srcset=\"https:\/\/caas-mali.de\/wp-content\/uploads\/2023\/09\/Maniok_Kurs.jpg 1024w, https:\/\/caas-mali.de\/wp-content\/uploads\/2023\/09\/Maniok_Kurs-300x211.jpg 300w, https:\/\/caas-mali.de\/wp-content\/uploads\/2023\/09\/Maniok_Kurs-768x540.jpg 768w\" sizes=\"auto, (max-width: 1024px) 100vw, 1024px\" \/><div class=\"caption-wrap\"><div class=\"caption\"><div>Partie th\u00e9orique d'un cours sur la culture et la transformation du manioc<\/div><\/div><\/div><\/li>\n            <li style='display: none;' aria-roledescription='slide' aria-labelledby='slide-1'><img loading=\"lazy\" decoding=\"async\" width=\"1024\" height=\"720\" src=\"https:\/\/caas-mali.de\/wp-content\/uploads\/2023\/09\/Maniokbaeume.jpg\" class=\"slider-3901 slide-3903 msDefaultImage\" alt=\"\" rel=\"\" title=\"Maniokbaeume\" srcset=\"https:\/\/caas-mali.de\/wp-content\/uploads\/2023\/09\/Maniokbaeume.jpg 1024w, https:\/\/caas-mali.de\/wp-content\/uploads\/2023\/09\/Maniokbaeume-300x211.jpg 300w, https:\/\/caas-mali.de\/wp-content\/uploads\/2023\/09\/Maniokbaeume-768x540.jpg 768w\" sizes=\"auto, (max-width: 1024px) 100vw, 1024px\" \/><div class=\"caption-wrap\"><div class=\"caption\"><div>Arbres \u00e0 manioc<\/div><\/div><\/div><\/li>\n            <li style='display: none;' aria-roledescription='slide' aria-labelledby='slide-2'><img loading=\"lazy\" decoding=\"async\" width=\"1024\" height=\"720\" src=\"https:\/\/caas-mali.de\/wp-content\/uploads\/2023\/09\/Maniokwurzel.jpg\" class=\"slider-3901 slide-3904 msDefaultImage\" alt=\"\" rel=\"\" title=\"Maniokwurzel\" srcset=\"https:\/\/caas-mali.de\/wp-content\/uploads\/2023\/09\/Maniokwurzel.jpg 1024w, https:\/\/caas-mali.de\/wp-content\/uploads\/2023\/09\/Maniokwurzel-300x211.jpg 300w, https:\/\/caas-mali.de\/wp-content\/uploads\/2023\/09\/Maniokwurzel-768x540.jpg 768w\" sizes=\"auto, (max-width: 1024px) 100vw, 1024px\" \/><div class=\"caption-wrap\"><div class=\"caption\"><div>R\u00e9colte des racines de manioc<\/div><\/div><\/div><\/li>\n            <li style='display: none;' aria-roledescription='slide' aria-labelledby='slide-3'><img loading=\"lazy\" decoding=\"async\" width=\"1024\" height=\"720\" src=\"https:\/\/caas-mali.de\/wp-content\/uploads\/2023\/09\/Maniok_Schneiden.jpg\" class=\"slider-3901 slide-3905 msDefaultImage\" alt=\"\" rel=\"\" title=\"Maniok_Schneiden\" srcset=\"https:\/\/caas-mali.de\/wp-content\/uploads\/2023\/09\/Maniok_Schneiden.jpg 1024w, https:\/\/caas-mali.de\/wp-content\/uploads\/2023\/09\/Maniok_Schneiden-300x211.jpg 300w, https:\/\/caas-mali.de\/wp-content\/uploads\/2023\/09\/Maniok_Schneiden-768x540.jpg 768w\" sizes=\"auto, (max-width: 1024px) 100vw, 1024px\" \/><div class=\"caption-wrap\"><div class=\"caption\"><div>\u00c9pluchage et broyage des racines de manioc<\/div><\/div><\/div><\/li>\n            <li style='display: none;' aria-roledescription='slide' aria-labelledby='slide-4'><img loading=\"lazy\" decoding=\"async\" width=\"1024\" height=\"720\" src=\"https:\/\/caas-mali.de\/wp-content\/uploads\/2023\/09\/Maniokkurs_Verarbeitung.jpg\" class=\"slider-3901 slide-3906 msDefaultImage\" alt=\"\" rel=\"\" title=\"Maniokkurs_Verarbeitung\" srcset=\"https:\/\/caas-mali.de\/wp-content\/uploads\/2023\/09\/Maniokkurs_Verarbeitung.jpg 1024w, https:\/\/caas-mali.de\/wp-content\/uploads\/2023\/09\/Maniokkurs_Verarbeitung-300x211.jpg 300w, https:\/\/caas-mali.de\/wp-content\/uploads\/2023\/09\/Maniokkurs_Verarbeitung-768x540.jpg 768w\" sizes=\"auto, (max-width: 1024px) 100vw, 1024px\" \/><div class=\"caption-wrap\"><div class=\"caption\"><div>Pr\u00e9paration des morceaux de manioc pour le pressage<\/div><\/div><\/div><\/li>\n            <li style='display: none;' aria-roledescription='slide' aria-labelledby='slide-5'><img loading=\"lazy\" decoding=\"async\" width=\"1024\" height=\"720\" src=\"https:\/\/caas-mali.de\/wp-content\/uploads\/2023\/09\/Maniokverarb.-Praxis-copy.jpg\" class=\"slider-3901 slide-3907 msDefaultImage\" alt=\"\" rel=\"\" title=\"Maniokverarb. Praxis copy\" srcset=\"https:\/\/caas-mali.de\/wp-content\/uploads\/2023\/09\/Maniokverarb.-Praxis-copy.jpg 1024w, https:\/\/caas-mali.de\/wp-content\/uploads\/2023\/09\/Maniokverarb.-Praxis-copy-300x211.jpg 300w, https:\/\/caas-mali.de\/wp-content\/uploads\/2023\/09\/Maniokverarb.-Praxis-copy-768x540.jpg 768w\" sizes=\"auto, (max-width: 1024px) 100vw, 1024px\" \/><div class=\"caption-wrap\"><div class=\"caption\"><div>Pressage des racines de manioc broy\u00e9es<\/div><\/div><\/div><\/li>\n            <li style='display: none;' aria-roledescription='slide' aria-labelledby='slide-6'><img loading=\"lazy\" decoding=\"async\" width=\"1024\" height=\"720\" src=\"https:\/\/caas-mali.de\/wp-content\/uploads\/2023\/09\/Maniok_Trocknung.jpg\" class=\"slider-3901 slide-3908 msDefaultImage\" alt=\"\" rel=\"\" title=\"Maniok_Trocknung\" srcset=\"https:\/\/caas-mali.de\/wp-content\/uploads\/2023\/09\/Maniok_Trocknung.jpg 1024w, https:\/\/caas-mali.de\/wp-content\/uploads\/2023\/09\/Maniok_Trocknung-300x211.jpg 300w, https:\/\/caas-mali.de\/wp-content\/uploads\/2023\/09\/Maniok_Trocknung-768x540.jpg 768w\" sizes=\"auto, (max-width: 1024px) 100vw, 1024px\" \/><div class=\"caption-wrap\"><div class=\"caption\"><div>Extraction de l'amidon par s\u00e9chage du jus<\/div><\/div><\/div><\/li>\n        <\/ul>\n        \n    <\/div>\n<\/div><\/div>\r\n","protected":false},"excerpt":{"rendered":"<p>Cours de base en agriculture et horticulture Le cours de base a \u00e9t\u00e9 d\u00e9velopp\u00e9 en \u00e9change avec des coop\u00e9ratives de femmes des environs et est &#8230; <\/p>\n<p class=\"read-more-container\"><a title=\"Formation\" class=\"read-more button\" href=\"https:\/\/caas-mali.de\/fr\/formation\/#more-3792\" aria-label=\"En savoir plus sur Formation\">weiterlesen<\/a><\/p>\n","protected":false},"author":2,"featured_media":0,"parent":0,"menu_order":0,"comment_status":"closed","ping_status":"closed","template":"","meta":{"_acf_changed":false,"_crdt_document":"","footnotes":""},"class_list":["post-3792","page","type-page","status-publish"],"acf":[],"_links":{"self":[{"href":"https:\/\/caas-mali.de\/fr\/wp-json\/wp\/v2\/pages\/3792","targetHints":{"allow":["GET"]}}],"collection":[{"href":"https:\/\/caas-mali.de\/fr\/wp-json\/wp\/v2\/pages"}],"about":[{"href":"https:\/\/caas-mali.de\/fr\/wp-json\/wp\/v2\/types\/page"}],"author":[{"embeddable":true,"href":"https:\/\/caas-mali.de\/fr\/wp-json\/wp\/v2\/users\/2"}],"replies":[{"embeddable":true,"href":"https:\/\/caas-mali.de\/fr\/wp-json\/wp\/v2\/comments?post=3792"}],"version-history":[{"count":12,"href":"https:\/\/caas-mali.de\/fr\/wp-json\/wp\/v2\/pages\/3792\/revisions"}],"predecessor-version":[{"id":5813,"href":"https:\/\/caas-mali.de\/fr\/wp-json\/wp\/v2\/pages\/3792\/revisions\/5813"}],"wp:attachment":[{"href":"https:\/\/caas-mali.de\/fr\/wp-json\/wp\/v2\/media?parent=3792"}],"curies":[{"name":"wp","href":"https:\/\/api.w.org\/{rel}","templated":true}]}}