{"id":3952,"date":"2022-03-08T11:14:18","date_gmt":"2022-03-08T10:14:18","guid":{"rendered":"https:\/\/caas-mali.de\/?page_id=3952"},"modified":"2025-01-30T20:40:37","modified_gmt":"2025-01-30T19:40:37","slug":"equipement-technique","status":"publish","type":"page","link":"https:\/\/caas-mali.de\/fr\/biens-immobiliers\/equipement-technique\/","title":{"rendered":"\u00c9quipement technique"},"content":{"rendered":"\r\n<p class=\"p1 wp-block-paragraph\">Des panneaux photovolta\u00efques d&rsquo;une puissance nominale de 136,5 kilowatts cr\u00eate sont install\u00e9s sur les toits de quatre b\u00e2timents du campus.<\/p>\r\n\r\n\r\n\r\n<figure class=\"wp-block-image size-large\"><img loading=\"lazy\" decoding=\"async\" width=\"1024\" height=\"509\" class=\"wp-image-986\" src=\"https:\/\/caas-mali.de\/wp-content\/uploads\/2022\/03\/image002b-1024x509.jpg\" alt=\"\" srcset=\"https:\/\/caas-mali.de\/wp-content\/uploads\/2022\/03\/image002b-1024x509.jpg 1024w, https:\/\/caas-mali.de\/wp-content\/uploads\/2022\/03\/image002b-300x149.jpg 300w, https:\/\/caas-mali.de\/wp-content\/uploads\/2022\/03\/image002b-768x382.jpg 768w, https:\/\/caas-mali.de\/wp-content\/uploads\/2022\/03\/image002b.jpg 1279w\" sizes=\"auto, (max-width: 1024px) 100vw, 1024px\" \/><\/figure>\r\n\r\n\r\n\r\n<p class=\"p1 wp-block-paragraph\">Le local technique avec des onduleurs de r\u00e9seau d&rsquo;une puissance de 135 kW AC et des onduleurs de batterie d&rsquo;une puissance de 72 kW DC pour la commande de la production, de la consommation directe et du stockage se trouve dans le local technique sous le hangar central.<\/p>\r\n\r\n\r\n\r\n<div class=\"wp-block-columns is-layout-flex wp-container-core-columns-is-layout-8f761849 wp-block-columns-is-layout-flex\">\r\n<div class=\"wp-block-column is-layout-flow wp-block-column-is-layout-flow\" style=\"flex-basis: 66.66%;\">\r\n<figure class=\"wp-block-image size-large\"><img loading=\"lazy\" decoding=\"async\" width=\"1024\" height=\"819\" class=\"wp-image-977\" src=\"https:\/\/caas-mali.de\/wp-content\/uploads\/2022\/03\/image003-1024x819.jpg\" alt=\"\" srcset=\"https:\/\/caas-mali.de\/wp-content\/uploads\/2022\/03\/image003-1024x819.jpg 1024w, https:\/\/caas-mali.de\/wp-content\/uploads\/2022\/03\/image003-300x240.jpg 300w, https:\/\/caas-mali.de\/wp-content\/uploads\/2022\/03\/image003-768x614.jpg 768w, https:\/\/caas-mali.de\/wp-content\/uploads\/2022\/03\/image003.jpg 1200w\" sizes=\"auto, (max-width: 1024px) 100vw, 1024px\" \/><\/figure>\r\n<\/div>\r\n\r\n\r\n\r\n<div class=\"wp-block-column is-layout-flow wp-block-column-is-layout-flow\" style=\"flex-basis: 33.33%;\">\r\n<figure class=\"wp-block-image size-large is-resized\"><img loading=\"lazy\" decoding=\"async\" width=\"819\" height=\"1024\" class=\"wp-image-976\" style=\"width: 430px; height: 538px;\" src=\"https:\/\/caas-mali.de\/wp-content\/uploads\/2022\/03\/image004-819x1024.jpg\" alt=\"\" srcset=\"https:\/\/caas-mali.de\/wp-content\/uploads\/2022\/03\/image004-819x1024.jpg 819w, https:\/\/caas-mali.de\/wp-content\/uploads\/2022\/03\/image004-240x300.jpg 240w, https:\/\/caas-mali.de\/wp-content\/uploads\/2022\/03\/image004-768x960.jpg 768w, https:\/\/caas-mali.de\/wp-content\/uploads\/2022\/03\/image004.jpg 960w\" sizes=\"auto, (max-width: 819px) 100vw, 819px\" \/><\/figure>\r\n<\/div>\r\n<\/div>\r\n\r\n\r\n\r\n<p class=\"p1 wp-block-paragraph\">96 batteries solaires d&rsquo;une capacit\u00e9 de stockage de 662,6 kWh-c10\/48V stockent l&rsquo;\u00e9lectricit\u00e9 produite dans un local de batteries s\u00e9par\u00e9.<\/p>\r\n<p class=\"p1\">La soci\u00e9t\u00e9 malo-allemande Yandalux Solar GmbH (bas\u00e9e \u00e0 Hambourg), pr\u00e9sente dans toute l&rsquo;Afrique de l&rsquo;Ouest, a con\u00e7u et install\u00e9 l&rsquo;installation et en assure la maintenance quatre fois par an. Yandalux a \u00e9galement form\u00e9 le personnel du CAAS au fonctionnement et \u00e0 la maintenance pr\u00e9ventive de l&rsquo;installation. Les op\u00e9rations peuvent \u00eatre suivies et contr\u00f4l\u00e9es via l&rsquo;internat, et \u00e0 distance via le portail de t\u00e9l\u00e9maintenance. La production d\u00e9passe les besoins actuels du campus et de l&rsquo;annexe. L&rsquo;installation a \u00e9t\u00e9 planifi\u00e9e et con\u00e7ue de mani\u00e8re \u00e0 ce que le surplus d&rsquo;\u00e9lectricit\u00e9 puisse \u00eatre inject\u00e9 dans les r\u00e9seaux nationaux ou locaux. D&rsquo;ici la fin de l&rsquo;ann\u00e9e 2023, le CAAS construira et exploitera lui-m\u00eame un mini-r\u00e9seau local pour le village de Kalassa.<\/p>\r\n","protected":false},"excerpt":{"rendered":"<p>Des panneaux photovolta\u00efques d&rsquo;une puissance nominale de 136,5 kilowatts cr\u00eate sont install\u00e9s sur les toits de quatre b\u00e2timents du campus. Le local technique avec des &#8230; <\/p>\n<p class=\"read-more-container\"><a title=\"\u00c9quipement technique\" class=\"read-more button\" href=\"https:\/\/caas-mali.de\/fr\/biens-immobiliers\/equipement-technique\/#more-3952\" aria-label=\"En savoir plus sur \u00c9quipement technique\">weiterlesen<\/a><\/p>\n","protected":false},"author":2,"featured_media":0,"parent":3735,"menu_order":0,"comment_status":"closed","ping_status":"closed","template":"","meta":{"_acf_changed":false,"_crdt_document":"","footnotes":""},"class_list":["post-3952","page","type-page","status-publish"],"acf":[],"_links":{"self":[{"href":"https:\/\/caas-mali.de\/fr\/wp-json\/wp\/v2\/pages\/3952","targetHints":{"allow":["GET"]}}],"collection":[{"href":"https:\/\/caas-mali.de\/fr\/wp-json\/wp\/v2\/pages"}],"about":[{"href":"https:\/\/caas-mali.de\/fr\/wp-json\/wp\/v2\/types\/page"}],"author":[{"embeddable":true,"href":"https:\/\/caas-mali.de\/fr\/wp-json\/wp\/v2\/users\/2"}],"replies":[{"embeddable":true,"href":"https:\/\/caas-mali.de\/fr\/wp-json\/wp\/v2\/comments?post=3952"}],"version-history":[{"count":2,"href":"https:\/\/caas-mali.de\/fr\/wp-json\/wp\/v2\/pages\/3952\/revisions"}],"predecessor-version":[{"id":3954,"href":"https:\/\/caas-mali.de\/fr\/wp-json\/wp\/v2\/pages\/3952\/revisions\/3954"}],"up":[{"embeddable":true,"href":"https:\/\/caas-mali.de\/fr\/wp-json\/wp\/v2\/pages\/3735"}],"wp:attachment":[{"href":"https:\/\/caas-mali.de\/fr\/wp-json\/wp\/v2\/media?parent=3952"}],"curies":[{"name":"wp","href":"https:\/\/api.w.org\/{rel}","templated":true}]}}