{"id":5559,"date":"2025-09-08T17:25:34","date_gmt":"2025-09-08T15:25:34","guid":{"rendered":"https:\/\/caas-mali.de\/?page_id=5559"},"modified":"2026-01-27T02:15:49","modified_gmt":"2026-01-27T01:15:49","slug":"contexte-historique","status":"publish","type":"page","link":"https:\/\/caas-mali.de\/fr\/contexte-historique\/","title":{"rendered":"Contexte historique"},"content":{"rendered":"\n<h2 class=\"wp-block-heading\"><strong><strong>Id\u00e9e et fondation<\/strong><\/strong><\/h2>\n\n\n\n<div class=\"wp-block-columns is-layout-flex wp-container-core-columns-is-layout-8f761849 wp-block-columns-is-layout-flex\">\n<div class=\"wp-block-column is-layout-flow wp-block-column-is-layout-flow\" style=\"flex-basis:33.33%\">\n<figure class=\"wp-block-image size-large\"><img loading=\"lazy\" decoding=\"async\" width=\"1024\" height=\"682\" src=\"https:\/\/caas-mali.de\/wp-content\/uploads\/2026\/01\/HennerGunthard-1024x682.jpg\" alt=\"\" class=\"wp-image-6565\" srcset=\"https:\/\/caas-mali.de\/wp-content\/uploads\/2026\/01\/HennerGunthard-1024x682.jpg 1024w, https:\/\/caas-mali.de\/wp-content\/uploads\/2026\/01\/HennerGunthard-300x200.jpg 300w, https:\/\/caas-mali.de\/wp-content\/uploads\/2026\/01\/HennerGunthard-768x512.jpg 768w, https:\/\/caas-mali.de\/wp-content\/uploads\/2026\/01\/HennerGunthard-1536x1024.jpg 1536w, https:\/\/caas-mali.de\/wp-content\/uploads\/2026\/01\/HennerGunthard.jpg 2000w\" sizes=\"auto, (max-width: 1024px) 100vw, 1024px\" \/><figcaption class=\"wp-element-caption\">Henner Papendieck et Gunthard Weber sur le chantier du campus<\/figcaption><\/figure>\n<\/div>\n\n\n\n<div class=\"wp-block-column is-layout-flow wp-block-column-is-layout-flow\" style=\"flex-basis:66.66%\">\n<p class=\"wp-block-paragraph\"><\/p>\n\n\n\n<ul class=\"wp-block-list\">\n<li>Issu de l\u2019engagement de longue date du Dr Gunthard Weber, fondateur de l\u2019association H\u00e4user der Hoffnung \u2013 Schulbildung f\u00fcr Afrika e.V. (depuis 2004, objectif : am\u00e9liorer l\u2019\u00e9ducation et les perspectives d\u2019avenir des enfants et des femmes)<\/li>\n\n\n\n<li>2017 : d\u00e9veloppement de l\u2019id\u00e9e d\u2019un centre de formation professionnelle agricole pour jeunes femmes en milieu rural<\/li>\n\n\n\n<li>Avec l\u2019\u00e9conomiste du d\u00e9veloppement Dr Henner Papendieck comme coordinateur international et l\u2019agronome Salaha Baby comme coordinateur national, le CAAS a pu s\u2019entourer de deux experts reconnus pour la mise en place et le d\u00e9veloppement du projet.<\/li>\n<\/ul>\n<\/div>\n<\/div>\n\n\n\n<div class=\"wp-block-columns is-layout-flex wp-container-core-columns-is-layout-8f761849 wp-block-columns-is-layout-flex\">\n<div class=\"wp-block-column is-layout-flow wp-block-column-is-layout-flow\" style=\"flex-basis:33.33%\">\n<figure class=\"wp-block-image size-full\"><img loading=\"lazy\" decoding=\"async\" width=\"819\" height=\"1024\" src=\"https:\/\/caas-mali.de\/wp-content\/uploads\/2026\/01\/Campus.jpg\" alt=\"\" class=\"wp-image-6568\" srcset=\"https:\/\/caas-mali.de\/wp-content\/uploads\/2026\/01\/Campus.jpg 819w, https:\/\/caas-mali.de\/wp-content\/uploads\/2026\/01\/Campus-240x300.jpg 240w, https:\/\/caas-mali.de\/wp-content\/uploads\/2026\/01\/Campus-768x960.jpg 768w\" sizes=\"auto, (max-width: 819px) 100vw, 819px\" \/><figcaption class=\"wp-element-caption\">Vue sur le campus<\/figcaption><\/figure>\n<\/div>\n\n\n\n<div class=\"wp-block-column is-layout-flow wp-block-column-is-layout-flow\" style=\"flex-basis:66.66%\">\n<h2 class=\"wp-block-heading\"><strong><strong>Objectifs<\/strong>&nbsp;<\/strong><\/h2>\n\n\n\n<ul class=\"wp-block-list\">\n<li>Formation pratique en agriculture et en transformation alimentaire<\/li>\n\n\n\n<li>Promotion de l\u2019autonomie \u00e9conomique des femmes<\/li>\n\n\n\n<li>Contribution \u00e0 la s\u00e9curit\u00e9 alimentaire r\u00e9gionale et au d\u00e9veloppement durable<\/li>\n<\/ul>\n\n\n\n<h2 class=\"wp-block-heading\"><strong><strong>Soutien<\/strong><\/strong><\/h2>\n\n\n\n<ul class=\"wp-block-list\">\n<li>Klaus Tschira Stiftung : mise en place du centre de formation par un financement sp\u00e9cial<\/li>\n\n\n\n<li>Heidehof Stiftung : financement du centre de sant\u00e9<\/li>\n\n\n\n<li>Dons priv\u00e9s : ont permis la cr\u00e9ation de 12 jardins communautaires et de deux b\u00e2timents scolaires<\/li>\n<\/ul>\n<\/div>\n<\/div>\n\n\n\n<div style=\"height:5px\" aria-hidden=\"true\" class=\"wp-block-spacer\"><\/div>\n\n\n\n<h2 class=\"wp-block-heading\">Les d\u00e9buts \u00e0 Siby<\/h2>\n\n\n\n<p class=\"wp-block-paragraph\">Le CAAS porte le \u00ab S \u00bb dans son nom en r\u00e9f\u00e9rence \u00e0 Siby : Centre Agro-Alimentaire \u00e0 Siby. \u00c0 l&rsquo;origine, le centre devait y \u00eatre construit apr\u00e8s que l&rsquo;administration malienne eut propos\u00e9 un terrain de cinq hectares appartenant \u00e0 l&rsquo;\u00c9tat.<\/p>\n\n\n\n<p class=\"wp-block-paragraph\">Mais la situation s&rsquo;est rapidement av\u00e9r\u00e9e plus compliqu\u00e9e : au Mali, il n&rsquo;existe ni registre foncier ni cadastre, et de nombreuses terres sont grev\u00e9es de droits d&rsquo;usage anciens, souvent transmis de g\u00e9n\u00e9ration en g\u00e9n\u00e9ration, datant en partie de l&rsquo;\u00e9poque pr\u00e9coloniale, en partie de l&rsquo;\u00e9poque coloniale et en partie de la p\u00e9riode post\u00e9rieure \u00e0 l&rsquo;ind\u00e9pendance du Mali. Il en a r\u00e9sult\u00e9 des revendications confuses qui, malgr\u00e9 des efforts intensifs, n&rsquo;ont pas pu \u00eatre clarifi\u00e9es.<\/p>\n\n\n\n<p class=\"wp-block-paragraph\">En 2018 et 2019, le CAAS a d&rsquo;abord investi dans l&rsquo;extension du campus et de l&rsquo;annexe \u00e0 Siby. Lorsque le conflit autour du terrain pr\u00e9vu s&rsquo;est aggrav\u00e9, le CAAS a tir\u00e9 les cons\u00e9quences de la situation au printemps 2020 et a abandonn\u00e9 le site de Siby.<\/p>\n\n\n\n<h2 class=\"wp-block-heading\">Rencontre avec Kalassa<\/h2>\n\n\n\n<div class=\"wp-block-columns is-layout-flex wp-container-core-columns-is-layout-8f761849 wp-block-columns-is-layout-flex\">\n<div class=\"wp-block-column is-layout-flow wp-block-column-is-layout-flow\">\n<figure class=\"wp-block-image size-full\"><img loading=\"lazy\" decoding=\"async\" width=\"1024\" height=\"576\" src=\"https:\/\/caas-mali.de\/wp-content\/uploads\/2025\/09\/2023_Kalassa-Einweihung-Grundschule.jpeg\" alt=\"\" class=\"wp-image-5535\" srcset=\"https:\/\/caas-mali.de\/wp-content\/uploads\/2025\/09\/2023_Kalassa-Einweihung-Grundschule.jpeg 1024w, https:\/\/caas-mali.de\/wp-content\/uploads\/2025\/09\/2023_Kalassa-Einweihung-Grundschule-300x169.jpeg 300w, https:\/\/caas-mali.de\/wp-content\/uploads\/2025\/09\/2023_Kalassa-Einweihung-Grundschule-768x432.jpeg 768w\" sizes=\"auto, (max-width: 1024px) 100vw, 1024px\" \/><figcaption class=\"wp-element-caption\">F\u00eate pour l&rsquo;inauguration de l&rsquo;\u00e9cole primaire r\u00e9nov\u00e9e<\/figcaption><\/figure>\n<\/div>\n\n\n\n<div class=\"wp-block-column is-layout-flow wp-block-column-is-layout-flow\">\n<p class=\"wp-block-paragraph\">D\u00e8s 2017, le village de Kalassa avait pris contact avec le CAAS. Une temp\u00eate avait emport\u00e9 le toit de l&rsquo;\u00e9cole primaire et, avec le soutien de l&rsquo;association H\u00e4user der Hoffnung e.V., l&rsquo;\u00e9cole avait pu \u00eatre reconstruite. Cette aide rapide a permis d&rsquo;\u00e9tablir une relation de confiance entre le village et le CAAS.<\/p>\n\n\n\n<p class=\"wp-block-paragraph\">Lorsque le CAAS a ensuite cherch\u00e9 de nouveaux terrains pour son travail, Kalassa lui a propos\u00e9 deux parcelles :<\/p>\n\n\n\n<ul class=\"wp-block-list\">\n<li>Un hectare au milieu du village pour le jardin scolaire,<\/li>\n\n\n\n<li>cinq hectares de terrain accident\u00e9 \u00e0 flanc de montagne, situ\u00e9 directement au bord de la route nationale.<\/li>\n<\/ul>\n<\/div>\n<\/div>\n\n\n\n<p class=\"wp-block-paragraph\">Les terrains ont \u00e9t\u00e9 c\u00e9d\u00e9s gratuitement au CAAS. En contrepartie, il n&rsquo;y a pas eu d&rsquo;argent, mais la perspective d&rsquo;un soutien en mati\u00e8re de d\u00e9veloppement du village.<\/p>\n\n\n\n<p class=\"wp-block-paragraph\">En choisissant Kalassa, le CAAS a obtenu un site fixe, soutenu par la population du village. Pour Kalassa, ce partenariat a apport\u00e9 des am\u00e9liorations visibles au cours des ann\u00e9es suivantes : des possibilit\u00e9s d&#8217;emploi, une meilleure offre scolaire, un centre de sant\u00e9, un approvisionnement en eau et bien d&rsquo;autres choses encore.<\/p>\n\n\n\n<p class=\"wp-block-paragraph\">La coop\u00e9ration s&rsquo;est av\u00e9r\u00e9e fructueuse pour les deux parties et constitue encore aujourd&rsquo;hui la base du travail du CAAS.<\/p>\n\n\n\n<h2 class=\"wp-block-heading\"><strong><strong>En savoir plus :<\/strong><\/strong><\/h2>\n\n\n\n<p class=\"has-medium-font-size wp-block-paragraph\"><a href=\"https:\/\/caas-mali.de\/fr\/developpement-du-village\/\"><em>&gt;&nbsp;D\u00e9veloppement du village et int\u00e9gration dans la r\u00e9gion<\/em><\/a><\/p>\n\n\n\n<p class=\"has-medium-font-size wp-block-paragraph\"><a href=\"https:\/\/caas-mali.de\/fr\/education-scolaire-a-kalassa\/\"><em>&gt; L\u2019\u00e9ducation comme fondement : la scolarisation \u00e0 Kalassa<\/em><\/a><\/p>\n\n\n\n<p class=\"has-medium-font-size wp-block-paragraph\"><a href=\"https:\/\/caas-mali.de\/fr\/centre-de-sante\/\"><em>&gt; Les soins de sant\u00e9 de proximit\u00e9 : le centre de sant\u00e9<\/em><\/a><\/p>\n\n\n\n<p class=\"wp-block-paragraph\"><\/p>\n\n\n\n<p class=\"wp-block-paragraph\">&nbsp;<\/p>\n\n\n\n<p class=\"wp-block-paragraph\"><\/p>\n","protected":false},"excerpt":{"rendered":"<p>Id\u00e9e et fondation Objectifs&nbsp; Soutien Les d\u00e9buts \u00e0 Siby Le CAAS porte le \u00ab S \u00bb dans son nom en r\u00e9f\u00e9rence \u00e0 Siby : Centre &#8230; <\/p>\n<p class=\"read-more-container\"><a title=\"Contexte historique\" class=\"read-more button\" href=\"https:\/\/caas-mali.de\/fr\/contexte-historique\/#more-5559\" aria-label=\"En savoir plus sur Contexte historique\">weiterlesen<\/a><\/p>\n","protected":false},"author":2,"featured_media":0,"parent":0,"menu_order":0,"comment_status":"closed","ping_status":"closed","template":"","meta":{"_acf_changed":false,"_crdt_document":"","footnotes":""},"class_list":["post-5559","page","type-page","status-publish"],"acf":[],"_links":{"self":[{"href":"https:\/\/caas-mali.de\/fr\/wp-json\/wp\/v2\/pages\/5559","targetHints":{"allow":["GET"]}}],"collection":[{"href":"https:\/\/caas-mali.de\/fr\/wp-json\/wp\/v2\/pages"}],"about":[{"href":"https:\/\/caas-mali.de\/fr\/wp-json\/wp\/v2\/types\/page"}],"author":[{"embeddable":true,"href":"https:\/\/caas-mali.de\/fr\/wp-json\/wp\/v2\/users\/2"}],"replies":[{"embeddable":true,"href":"https:\/\/caas-mali.de\/fr\/wp-json\/wp\/v2\/comments?post=5559"}],"version-history":[{"count":13,"href":"https:\/\/caas-mali.de\/fr\/wp-json\/wp\/v2\/pages\/5559\/revisions"}],"predecessor-version":[{"id":6653,"href":"https:\/\/caas-mali.de\/fr\/wp-json\/wp\/v2\/pages\/5559\/revisions\/6653"}],"wp:attachment":[{"href":"https:\/\/caas-mali.de\/fr\/wp-json\/wp\/v2\/media?parent=5559"}],"curies":[{"name":"wp","href":"https:\/\/api.w.org\/{rel}","templated":true}]}}