{"id":6501,"date":"2026-01-25T16:24:16","date_gmt":"2026-01-25T15:24:16","guid":{"rendered":"https:\/\/caas-mali.de\/?page_id=6501"},"modified":"2026-01-27T01:14:19","modified_gmt":"2026-01-27T00:14:19","slug":"education-scolaire-a-kalassa","status":"publish","type":"page","link":"https:\/\/caas-mali.de\/fr\/education-scolaire-a-kalassa\/","title":{"rendered":"\u00c9ducation scolaire \u00e0 Kalassa"},"content":{"rendered":"\n<p class=\"wp-block-paragraph\"><br>La promotion de l\u2019\u00e9ducation scolaire \u00e0 Kalassa constitue un pilier central du d\u00e9veloppement du village et un axe de travail \u00e0 long terme du CAAS. L\u2019\u00e9ducation ouvre des perspectives \u2013 pour les enfants, les familles et l\u2019ensemble de la r\u00e9gion.<br>Le CAAS travaille en \u00e9troite collaboration avec l\u2019autorit\u00e9 scolaire publique malienne CAP (Centre d\u2019Animation P\u00e9dagogique), dont le si\u00e8ge se trouve \u00e0 proximit\u00e9 imm\u00e9diate du campus du CAAS. Toutes les \u00e9coles de Kalassa sont des \u00e9coles publiques et pleinement int\u00e9gr\u00e9es au syst\u00e8me \u00e9ducatif national.<\/p>\n\n\n\n<figure class=\"wp-block-image size-full is-resized\"><img loading=\"lazy\" decoding=\"async\" width=\"1024\" height=\"514\" src=\"https:\/\/caas-mali.de\/wp-content\/uploads\/2026\/01\/SchuleKalassa.jpg\" alt=\"\" class=\"wp-image-6488\" style=\"aspect-ratio:1.9920325701527821;width:967px;height:auto\" srcset=\"https:\/\/caas-mali.de\/wp-content\/uploads\/2026\/01\/SchuleKalassa.jpg 1024w, https:\/\/caas-mali.de\/wp-content\/uploads\/2026\/01\/SchuleKalassa-300x151.jpg 300w, https:\/\/caas-mali.de\/wp-content\/uploads\/2026\/01\/SchuleKalassa-768x386.jpg 768w\" sizes=\"auto, (max-width: 1024px) 100vw, 1024px\" \/><figcaption class=\"wp-element-caption\">Nouveau b\u00e2timent scolaire \u00e0 Kalassa pour les classes 7\u20139<\/figcaption><\/figure>\n\n\n\n<h2 class=\"wp-block-heading\">\u00c9tapes cl\u00e9s du d\u00e9veloppement <\/h2>\n\n\n\n<p class=\"wp-block-paragraph\"><strong>2019<\/strong><br>Reconstruction de l\u2019\u00e9cole primaire de Kalassa apr\u00e8s de graves d\u00e9g\u00e2ts caus\u00e9s par une temp\u00eate, en collaboration avec H\u00e4user der Hoffnung e.V.<br>Installation d\u2019un syst\u00e8me solaire pour l\u2019\u00e9clairage par Yandalux GmbH.<\/p>\n\n\n\n<p class=\"wp-block-paragraph\"><strong>2023<\/strong><br>Construction d\u2019une nouvelle \u00e9cole primaire dans le village voisin de Gu\u00e9na.<\/p>\n\n\n\n<p class=\"wp-block-paragraph\"><strong>2024<\/strong><br>Extension de l\u2019\u00e9cole primaire de Kalassa aux classes 7\u20139 (coll\u00e8ge \/ second cycle).<\/p>\n\n\n\n<p class=\"wp-block-paragraph\"><strong>Projet de construction 2026<\/strong><br>Construction d\u2019un nouveau b\u00e2timent scolaire pour les classes 4\u20136, selon le mod\u00e8le architectural du b\u00e2timent achev\u00e9 en 2024.<br>Modernisation des salles de classe plus anciennes dans le but d\u2019apporter davantage de lumi\u00e8re naturelle et une meilleure ventilation naturelle.<\/p>\n\n\n\n<h2 class=\"wp-block-heading\"><strong><strong>L\u2019\u00e9ducation, base du d\u00e9veloppement<\/strong><\/strong><\/h2>\n\n\n\n<div class=\"wp-block-columns is-layout-flex wp-container-core-columns-is-layout-8f761849 wp-block-columns-is-layout-flex\">\n<div class=\"wp-block-column is-layout-flow wp-block-column-is-layout-flow\" style=\"flex-basis:33.33%\"><div class=\"wp-block-image\">\n<figure class=\"aligncenter size-full\"><img loading=\"lazy\" decoding=\"async\" width=\"1024\" height=\"683\" src=\"https:\/\/caas-mali.de\/wp-content\/uploads\/2026\/01\/Schule_aussen.jpg\" alt=\"\" class=\"wp-image-6491\" style=\"aspect-ratio:1.4992693619094009\" srcset=\"https:\/\/caas-mali.de\/wp-content\/uploads\/2026\/01\/Schule_aussen.jpg 1024w, https:\/\/caas-mali.de\/wp-content\/uploads\/2026\/01\/Schule_aussen-300x200.jpg 300w, https:\/\/caas-mali.de\/wp-content\/uploads\/2026\/01\/Schule_aussen-768x512.jpg 768w\" sizes=\"auto, (max-width: 1024px) 100vw, 1024px\" \/><\/figure>\n<\/div><\/div>\n\n\n\n<div class=\"wp-block-column is-layout-flow wp-block-column-is-layout-flow\" style=\"flex-basis:66.66%\">\n<p class=\"wp-block-paragraph\"><br>Le coll\u00e8ge de Kalassa (classes 7\u20139) est en activit\u00e9 depuis 2024. Le nouveau b\u00e2timent de l\u2019\u00e9cole primaire pour les classes 4\u20136, rendu possible gr\u00e2ce \u00e0 un g\u00e9n\u00e9reux don priv\u00e9, est actuellement en construction.<br>Les nouveaux b\u00e2timents scolaires se distinguent par une architecture soigneusement planifi\u00e9e et adapt\u00e9e au climat : des salles de classe lumineuses et bien ventil\u00e9es, des cheminements prot\u00e9g\u00e9s du soleil et des mat\u00e9riaux robustes. En compl\u00e9ment, il est pr\u00e9vu d\u2019\u00e9quiper progressivement l\u2019ensemble du complexe scolaire en \u00e9nergie solaire. Cela permettra d\u2019installer des ventilateurs dans les salles de classe et de les \u00e9clairer le soir, afin qu\u2019elles puissent \u00e9galement \u00eatre utilis\u00e9es pour des \u00e9v\u00e9nements de la communaut\u00e9 villageoise.<\/p>\n<\/div>\n<\/div>\n\n\n\n<p class=\"wp-block-paragraph\">Les b\u00e2timents et les infrastructures constituent le cadre \u2013 mais l\u2019impact de l\u2019\u00e9cole elle-m\u00eame est d\u00e9terminant. L\u2019\u00e9ducation scolaire soutient le d\u00e9veloppement des enfants, soulage les familles et cr\u00e9e des perspectives \u00e0 long terme pour le village de Kalassa et ses environs. En collaboration avec l\u2019autorit\u00e9 scolaire publique CAP, le CAAS contribue \u00e0 faire de Kalassa, \u00e9tape par \u00e9tape, un p\u00f4le \u00e9ducatif \u00e0 caract\u00e8re exemplaire pour la r\u00e9gion.<\/p>\n\n\n\n<figure class=\"wp-block-image size-full\"><img loading=\"lazy\" decoding=\"async\" width=\"1024\" height=\"514\" src=\"https:\/\/caas-mali.de\/wp-content\/uploads\/2026\/01\/LetzerSchultag_l.jpg\" alt=\"\" class=\"wp-image-6494\" srcset=\"https:\/\/caas-mali.de\/wp-content\/uploads\/2026\/01\/LetzerSchultag_l.jpg 1024w, https:\/\/caas-mali.de\/wp-content\/uploads\/2026\/01\/LetzerSchultag_l-300x151.jpg 300w, https:\/\/caas-mali.de\/wp-content\/uploads\/2026\/01\/LetzerSchultag_l-768x386.jpg 768w\" sizes=\"auto, (max-width: 1024px) 100vw, 1024px\" \/><figcaption class=\"wp-element-caption\">C\u00e9l\u00e9brations du dernier jour d\u2019\u00e9cole avant les vacances<\/figcaption><\/figure>\n\n\n\n<h2 class=\"wp-block-heading\"><strong>En savoir plus :<\/strong><\/h2>\n\n\n\n<p class=\"has-medium-font-size wp-block-paragraph\"><a href=\"https:\/\/caas-mali.de\/fr\/centre-de-sante\/\"><em>&gt; Les soins de sant\u00e9 de proximit\u00e9 : le centre de sant\u00e9<\/em><\/a><\/p>\n\n\n\n<p class=\"has-medium-font-size wp-block-paragraph\"><a href=\"https:\/\/caas-mali.de\/fr\/developpement-du-village\/\"><em>&gt; D\u00e9veloppement du village \u00e0 Kalassa<\/em><\/a><\/p>\n\n\n\n<p class=\"has-medium-font-size wp-block-paragraph\"><a href=\"https:\/\/caas-mali.de\/fr\/contexte-historique\/\"><em>&gt;&nbsp;La cr\u00e9ation et l\u2019histoire du CAAS<\/em><\/a><\/p>\n\n\n\n<p class=\"wp-block-paragraph\"><\/p>\n","protected":false},"excerpt":{"rendered":"<p>La promotion de l\u2019\u00e9ducation scolaire \u00e0 Kalassa constitue un pilier central du d\u00e9veloppement du village et un axe de travail \u00e0 long terme du CAAS. &#8230; <\/p>\n<p class=\"read-more-container\"><a title=\"\u00c9ducation scolaire \u00e0 Kalassa\" class=\"read-more button\" href=\"https:\/\/caas-mali.de\/fr\/education-scolaire-a-kalassa\/#more-6501\" aria-label=\"En savoir plus sur \u00c9ducation scolaire \u00e0 Kalassa\">weiterlesen<\/a><\/p>\n","protected":false},"author":2,"featured_media":0,"parent":0,"menu_order":0,"comment_status":"closed","ping_status":"closed","template":"","meta":{"_acf_changed":false,"_crdt_document":"","footnotes":""},"class_list":["post-6501","page","type-page","status-publish"],"acf":[],"_links":{"self":[{"href":"https:\/\/caas-mali.de\/fr\/wp-json\/wp\/v2\/pages\/6501","targetHints":{"allow":["GET"]}}],"collection":[{"href":"https:\/\/caas-mali.de\/fr\/wp-json\/wp\/v2\/pages"}],"about":[{"href":"https:\/\/caas-mali.de\/fr\/wp-json\/wp\/v2\/types\/page"}],"author":[{"embeddable":true,"href":"https:\/\/caas-mali.de\/fr\/wp-json\/wp\/v2\/users\/2"}],"replies":[{"embeddable":true,"href":"https:\/\/caas-mali.de\/fr\/wp-json\/wp\/v2\/comments?post=6501"}],"version-history":[{"count":6,"href":"https:\/\/caas-mali.de\/fr\/wp-json\/wp\/v2\/pages\/6501\/revisions"}],"predecessor-version":[{"id":6651,"href":"https:\/\/caas-mali.de\/fr\/wp-json\/wp\/v2\/pages\/6501\/revisions\/6651"}],"wp:attachment":[{"href":"https:\/\/caas-mali.de\/fr\/wp-json\/wp\/v2\/media?parent=6501"}],"curies":[{"name":"wp","href":"https:\/\/api.w.org\/{rel}","templated":true}]}}