{"id":6513,"date":"2026-01-25T04:48:43","date_gmt":"2026-01-25T03:48:43","guid":{"rendered":"https:\/\/caas-mali.de\/?page_id=6513"},"modified":"2026-01-27T02:13:52","modified_gmt":"2026-01-27T01:13:52","slug":"centre-de-sante","status":"publish","type":"page","link":"https:\/\/caas-mali.de\/fr\/centre-de-sante\/","title":{"rendered":"Centre de sant\u00e9"},"content":{"rendered":"\n<figure class=\"wp-block-image size-full\"><img loading=\"lazy\" decoding=\"async\" width=\"1024\" height=\"437\" src=\"https:\/\/caas-mali.de\/wp-content\/uploads\/2026\/01\/HealthStation-1.jpg\" alt=\"\" class=\"wp-image-6477\" srcset=\"https:\/\/caas-mali.de\/wp-content\/uploads\/2026\/01\/HealthStation-1.jpg 1024w, https:\/\/caas-mali.de\/wp-content\/uploads\/2026\/01\/HealthStation-1-300x128.jpg 300w, https:\/\/caas-mali.de\/wp-content\/uploads\/2026\/01\/HealthStation-1-768x328.jpg 768w\" sizes=\"auto, (max-width: 1024px) 100vw, 1024px\" \/><figcaption class=\"wp-element-caption\">Le nouveau b\u00e2timent du centre de sant\u00e9 de Kalassa<\/figcaption><\/figure>\n\n\n\n<p class=\"wp-block-paragraph\">Le centre de sant\u00e9 de Kalassa est un centre de sant\u00e9 communautaire reconnu par l\u2019\u00c9tat malien. Il offre des soins pour les maladies aigu\u00ebs, des services de maternit\u00e9 ainsi que des activit\u00e9s de pr\u00e9vention, et contribue de mani\u00e8re essentielle \u00e0 la prise en charge sanitaire du village et des communaut\u00e9s environnantes.<\/p>\n\n\n\n<div class=\"wp-block-columns is-layout-flex wp-container-core-columns-is-layout-8f761849 wp-block-columns-is-layout-flex\">\n<div class=\"wp-block-column is-layout-flow wp-block-column-is-layout-flow\" style=\"flex-basis:66.66%\">\n<h2 class=\"wp-block-heading\"><strong>Organisation<\/strong><\/h2>\n\n\n\n<p class=\"wp-block-paragraph\">Le fonctionnement repose sur un petit comit\u00e9 de gestion efficace, compos\u00e9 de l\u2019infirmier, de la sage-femme, de deux repr\u00e9sentants du village ainsi que de la secr\u00e9taire administrative du CAAS. Au cours des derni\u00e8res ann\u00e9es, cet organe a mis en place un syst\u00e8me transparent, fiable et financi\u00e8rement viable. Un succ\u00e8s particulier r\u00e9side dans le fait que le centre de sant\u00e9 est aujourd\u2019hui en mesure de couvrir en grande partie ses co\u00fbts de fonctionnement courants.<\/p>\n<\/div>\n\n\n\n<div class=\"wp-block-column is-layout-flow wp-block-column-is-layout-flow\" style=\"flex-basis:33.33%\">\n<figure class=\"wp-block-image size-full\"><img loading=\"lazy\" decoding=\"async\" width=\"1024\" height=\"683\" src=\"https:\/\/caas-mali.de\/wp-content\/uploads\/2026\/01\/Gesundheitsstation.jpg\" alt=\"\" class=\"wp-image-6462\" srcset=\"https:\/\/caas-mali.de\/wp-content\/uploads\/2026\/01\/Gesundheitsstation.jpg 1024w, https:\/\/caas-mali.de\/wp-content\/uploads\/2026\/01\/Gesundheitsstation-300x200.jpg 300w, https:\/\/caas-mali.de\/wp-content\/uploads\/2026\/01\/Gesundheitsstation-768x512.jpg 768w\" sizes=\"auto, (max-width: 1024px) 100vw, 1024px\" \/><\/figure>\n<\/div>\n<\/div>\n\n\n\n<div style=\"height:10px\" aria-hidden=\"true\" class=\"wp-block-spacer\"><\/div>\n\n\n\n<div class=\"wp-block-columns is-layout-flex wp-container-core-columns-is-layout-8f761849 wp-block-columns-is-layout-flex\">\n<div class=\"wp-block-column is-layout-flow wp-block-column-is-layout-flow\" style=\"flex-basis:25%\"><\/div>\n\n\n\n<div class=\"wp-block-column is-layout-flow wp-block-column-is-layout-flow\" style=\"flex-basis:50%\"><\/div>\n\n\n\n<div class=\"wp-block-column is-layout-flow wp-block-column-is-layout-flow\" style=\"flex-basis:25%\"><\/div>\n<\/div>\n\n\n\n<div class=\"wp-block-columns is-layout-flex wp-container-core-columns-is-layout-8f761849 wp-block-columns-is-layout-flex\">\n<div class=\"wp-block-column is-layout-flow wp-block-column-is-layout-flow\" style=\"flex-basis:33.33%\"><div class=\"wp-block-image\">\n<figure class=\"aligncenter size-full\"><img loading=\"lazy\" decoding=\"async\" width=\"765\" height=\"1020\" src=\"https:\/\/caas-mali.de\/wp-content\/uploads\/2026\/01\/Bild1.jpg\" alt=\"\" class=\"wp-image-6482\" srcset=\"https:\/\/caas-mali.de\/wp-content\/uploads\/2026\/01\/Bild1.jpg 765w, https:\/\/caas-mali.de\/wp-content\/uploads\/2026\/01\/Bild1-225x300.jpg 225w\" sizes=\"auto, (max-width: 765px) 100vw, 765px\" \/><\/figure>\n<\/div><\/div>\n\n\n\n<div class=\"wp-block-column is-layout-flow wp-block-column-is-layout-flow\" style=\"flex-basis:66.66%\">\n<h2 class=\"wp-block-heading\"><strong><strong>Extension et modernisation<\/strong><\/strong><\/h2>\n\n\n\n<p class=\"wp-block-paragraph\">Avec le soutien de lala fondation Heidehof (Heidehof Stiftung, Allemagne), l\u2019ancienne maternit\u00e9 de Kalassa a \u00e9t\u00e9 enti\u00e8rement r\u00e9nov\u00e9e et agrandie en 2021\/2022. Auparavant, le b\u00e2timent servait \u00e0 la fois de maternit\u00e9 et d\u2019infirmerie ; toutefois, les capacit\u00e9s et les conditions d\u2019hygi\u00e8ne \u00e9taient insuffisantes. Le CAAS a enti\u00e8rement r\u00e9habilit\u00e9 le b\u00e2timent existant et a construit un second b\u00e2timent de soins afin de s\u00e9parer spatialement les maladies infectieuses des accouchements et d\u2019am\u00e9liorer sensiblement les normes d\u2019hygi\u00e8ne. Le nouveau b\u00e2timent de soins comprend des chambres pour les patients, une salle de soins ainsi qu\u2019une pharmacie.<\/p>\n\n\n\n<h2 class=\"wp-block-heading\"><strong><strong>R\u00f4le central de la pharmacie<\/strong><\/strong><\/h2>\n\n\n\n<p class=\"wp-block-paragraph\">La pharmacie est devenue un \u00e9l\u00e9ment central du centre de sant\u00e9. Elle fonctionne \u00e0 l\u2019\u00e9quilibre financier et g\u00e9n\u00e8re une part essentielle des revenus qui permettent aujourd\u2019hui de financer le fonctionnement courant du centre de sant\u00e9. Parall\u00e8lement, les prix des traitements et des m\u00e9dicaments restent \u00e9quitables et adapt\u00e9s aux conditions de vie locales, garantissant ainsi l\u2019accessibilit\u00e9 des soins m\u00e9dicaux pour la population.<\/p>\n<\/div>\n<\/div>\n\n\n\n<h2 class=\"wp-block-heading\"><strong><strong>Perspectives<\/strong><\/strong><\/h2>\n\n\n\n<p class=\"wp-block-paragraph\">Une \u00e9tape importante du d\u00e9veloppement futur du centre de sant\u00e9 de Kalassa est la mise en place d\u2019un laboratoire de diagnostic pour les tests de la malaria et de la typho\u00efde. Le diagnostic sur place permet des traitements plus rapides et plus fiables, \u00e9vite de longs d\u00e9placements pour les patient\u00b7e\u00b7s et am\u00e9liore la prise en charge m\u00e9dicale, en particulier pendant la saison des pluies, lorsque les maladies infectieuses augmentent fortement.<br>Le laboratoire est con\u00e7u comme un compl\u00e9ment \u00e9conomiquement viable au centre de sant\u00e9 existant.<\/p>\n\n\n\n<h2 class=\"wp-block-heading\"><strong>En savoir plus :<\/strong><\/h2>\n\n\n\n<p class=\"has-medium-font-size wp-block-paragraph\"><a href=\"https:\/\/caas-mali.de\/fr\/education-scolaire-a-kalassa\/\"><em>&gt; L\u2019\u00e9ducation comme fondement : la scolarisation \u00e0 Kalassa<\/em><\/a><\/p>\n\n\n\n<p class=\"has-medium-font-size wp-block-paragraph\"><a href=\"https:\/\/caas-mali.de\/fr\/developpement-du-village\/\"><em>&gt; D\u00e9veloppement du village \u00e0 Kalassa<\/em><\/a><\/p>\n\n\n\n<p class=\"has-medium-font-size wp-block-paragraph\"><a href=\"https:\/\/caas-mali.de\/fr\/contexte-historique\/\"><em>&gt;&nbsp;La cr\u00e9ation et l\u2019histoire du CAAS<\/em><\/a><\/p>\n\n\n\n<p class=\"wp-block-paragraph\"><\/p>\n","protected":false},"excerpt":{"rendered":"<p>Le centre de sant\u00e9 de Kalassa est un centre de sant\u00e9 communautaire reconnu par l\u2019\u00c9tat malien. Il offre des soins pour les maladies aigu\u00ebs, des &#8230; <\/p>\n<p class=\"read-more-container\"><a title=\"Centre de sant\u00e9\" class=\"read-more button\" href=\"https:\/\/caas-mali.de\/fr\/centre-de-sante\/#more-6513\" aria-label=\"En savoir plus sur Centre de sant\u00e9\">weiterlesen<\/a><\/p>\n","protected":false},"author":2,"featured_media":0,"parent":0,"menu_order":0,"comment_status":"closed","ping_status":"closed","template":"","meta":{"_acf_changed":false,"_crdt_document":"","footnotes":""},"class_list":["post-6513","page","type-page","status-publish"],"acf":[],"_links":{"self":[{"href":"https:\/\/caas-mali.de\/fr\/wp-json\/wp\/v2\/pages\/6513","targetHints":{"allow":["GET"]}}],"collection":[{"href":"https:\/\/caas-mali.de\/fr\/wp-json\/wp\/v2\/pages"}],"about":[{"href":"https:\/\/caas-mali.de\/fr\/wp-json\/wp\/v2\/types\/page"}],"author":[{"embeddable":true,"href":"https:\/\/caas-mali.de\/fr\/wp-json\/wp\/v2\/users\/2"}],"replies":[{"embeddable":true,"href":"https:\/\/caas-mali.de\/fr\/wp-json\/wp\/v2\/comments?post=6513"}],"version-history":[{"count":9,"href":"https:\/\/caas-mali.de\/fr\/wp-json\/wp\/v2\/pages\/6513\/revisions"}],"predecessor-version":[{"id":6652,"href":"https:\/\/caas-mali.de\/fr\/wp-json\/wp\/v2\/pages\/6513\/revisions\/6652"}],"wp:attachment":[{"href":"https:\/\/caas-mali.de\/fr\/wp-json\/wp\/v2\/media?parent=6513"}],"curies":[{"name":"wp","href":"https:\/\/api.w.org\/{rel}","templated":true}]}}